{"id":1325,"date":"2015-07-30T11:24:49","date_gmt":"2015-07-30T11:24:49","guid":{"rendered":"http:\/\/medicine-plus.cmsmasters.net\/?page_id=1325"},"modified":"2019-03-19T15:42:01","modified_gmt":"2019-03-19T14:42:01","slug":"uber-uns","status":"publish","type":"page","link":"https:\/\/airport-clinic.de\/en\/uber-uns\/","title":{"rendered":"Die AirportClinic Praxis"},"content":{"rendered":"<style type=\"text\/css\"> \n#cmsms_row_69e217c02460f8_36800621 .cmsms_row_outer_parent { \n\tpadding-top: 70px; \n} \n\n#cmsms_row_69e217c02460f8_36800621 .cmsms_row_outer_parent { \n\tpadding-bottom: 50px; \n} \n\n \n#cmsms_heading_69e217c0424e70_50651493 { \n\ttext-align:left; \n\tmargin-top:0px; \n\tmargin-bottom:40px; \n} \n\n#cmsms_heading_69e217c0424e70_50651493 .cmsms_heading { \n\ttext-align:left; \n} \n\n#cmsms_heading_69e217c0424e70_50651493 .cmsms_heading, #cmsms_heading_69e217c0424e70_50651493 .cmsms_heading a { \n\tfont-weight:normal; \n\tfont-style:normal; \n} \n\n#cmsms_heading_69e217c0424e70_50651493 .cmsms_heading_divider { \n} \n\n \n#cmsms_row_69e217c0425ec3_81253512 .cmsms_row_outer_parent { \n\tpadding-top: 0px; \n} \n\n#cmsms_row_69e217c0425ec3_81253512 .cmsms_row_outer_parent { \n\tpadding-bottom: 0px; \n} \n\n#cmsms_row_69e217c0425ec3_81253512 .cmsms_row_inner.cmsms_row_fullwidth { \n\tpadding-left:0%; \n} \n#cmsms_row_69e217c0425ec3_81253512 .cmsms_row_inner.cmsms_row_fullwidth { \n\tpadding-right:0%; \n} \n \n#cmsms_divider_69e217c0427af5_68290923 { \n\tborder-bottom-width:1px; \n\tborder-bottom-style:solid; \n\tpadding-top:0px; \n\tmargin-bottom:0px; \n\tborder-bottom-color:rgba(229,229,229,0.8);\n} \n \n#cmsms_row_69e217c0427fd4_65149599 .cmsms_row_outer_parent { \n\tpadding-top: 60px; \n} \n\n#cmsms_row_69e217c0427fd4_65149599 .cmsms_row_outer_parent { \n\tpadding-bottom: 30px; \n} \n\n \n#cmsms_heading_69e217c0429543_06374617 { \n\ttext-align:center; \n\tmargin-top:0px; \n\tmargin-bottom:40px; \n} \n\n#cmsms_heading_69e217c0429543_06374617 .cmsms_heading { \n\ttext-align:center; \n} \n\n#cmsms_heading_69e217c0429543_06374617 .cmsms_heading, #cmsms_heading_69e217c0429543_06374617 .cmsms_heading a { \n\tfont-weight:normal; \n\tfont-style:normal; \n} \n\n#cmsms_heading_69e217c0429543_06374617 .cmsms_heading_divider { \n} \n\n \n#cmsms_row_69e217c043d932_51230794 .cmsms_row_outer_parent { \n\tpadding-top: 0px; \n} \n\n#cmsms_row_69e217c043d932_51230794 .cmsms_row_outer_parent { \n\tpadding-bottom: 0px; \n} \n\n#cmsms_row_69e217c043d932_51230794 .cmsms_row_inner.cmsms_row_fullwidth { \n\tpadding-left:0%; \n} \n#cmsms_row_69e217c043d932_51230794 .cmsms_row_inner.cmsms_row_fullwidth { \n\tpadding-right:0%; \n} \n \n#cmsms_divider_69e217c043e8f7_37488987 { \n\tborder-bottom-width:1px; \n\tborder-bottom-style:solid; \n\tpadding-top:0px; \n\tmargin-bottom:0px; \n\tborder-bottom-color:rgba(229,229,229,0.8);\n} \n \n#cmsms_row_69e217c043ee25_78312019 .cmsms_row_outer_parent { \n\tpadding-top: 60px; \n} \n\n#cmsms_row_69e217c043ee25_78312019 .cmsms_row_outer_parent { \n\tpadding-bottom: 30px; \n} \n\n \n#cmsms_heading_69e217c0440db0_59503390 { \n\ttext-align:center; \n\tmargin-top:0px; \n\tmargin-bottom:40px; \n} \n\n#cmsms_heading_69e217c0440db0_59503390 .cmsms_heading { \n\ttext-align:center; \n} \n\n#cmsms_heading_69e217c0440db0_59503390 .cmsms_heading, #cmsms_heading_69e217c0440db0_59503390 .cmsms_heading a { \n\tfont-weight:normal; \n\tfont-style:normal; \n} \n\n#cmsms_heading_69e217c0440db0_59503390 .cmsms_heading_divider { \n} \n\n \n#cmsms_row_69e217c0441be7_98123958 .cmsms_row_outer_parent { \n\tpadding-top: 70px; \n} \n\n#cmsms_row_69e217c0441be7_98123958 .cmsms_row_outer_parent { \n\tpadding-bottom: 50px; \n} \n\n \n#cmsms_heading_69e217c04518d7_52094904 { \n\ttext-align:left; \n\tmargin-top:0px; \n\tmargin-bottom:40px; \n} \n\n#cmsms_heading_69e217c04518d7_52094904 .cmsms_heading { \n\ttext-align:left; \n} \n\n#cmsms_heading_69e217c04518d7_52094904 .cmsms_heading, #cmsms_heading_69e217c04518d7_52094904 .cmsms_heading a { \n\tfont-weight:normal; \n\tfont-style:normal; \n} \n\n#cmsms_heading_69e217c04518d7_52094904 .cmsms_heading_divider { \n} \n\n \n#cmsms_row_69e217c0452732_44795631 .cmsms_row_outer_parent { \n\tpadding-top: 0px; \n} \n\n#cmsms_row_69e217c0452732_44795631 .cmsms_row_outer_parent { \n\tpadding-bottom: 0px; \n} \n\n#cmsms_row_69e217c0452732_44795631 .cmsms_row_inner.cmsms_row_fullwidth { \n\tpadding-left:0%; \n} \n#cmsms_row_69e217c0452732_44795631 .cmsms_row_inner.cmsms_row_fullwidth { \n\tpadding-right:0%; \n} \n \n#cmsms_divider_69e217c0453354_18038454 { \n\tborder-bottom-width:1px; \n\tborder-bottom-style:solid; \n\tpadding-top:0px; \n\tmargin-bottom:0px; \n\tborder-bottom-color:rgba(229,229,229,0.8);\n} \n \n#cmsms_row_69e217c0453978_20574466 .cmsms_row_outer_parent { \n\tpadding-top: 60px; \n} \n\n#cmsms_row_69e217c0453978_20574466 .cmsms_row_outer_parent { \n\tpadding-bottom: 30px; \n} \n\n \n#cmsms_heading_69e217c0454e91_09097573 { \n\ttext-align:center; \n\tmargin-top:0px; \n\tmargin-bottom:40px; \n} \n\n#cmsms_heading_69e217c0454e91_09097573 .cmsms_heading { \n\ttext-align:center; \n} \n\n#cmsms_heading_69e217c0454e91_09097573 .cmsms_heading, #cmsms_heading_69e217c0454e91_09097573 .cmsms_heading a { \n\tfont-weight:normal; \n\tfont-style:normal; \n} \n\n#cmsms_heading_69e217c0454e91_09097573 .cmsms_heading_divider { \n} \n\n \n#cmsms_row_69e217c04559e5_48526847 .cmsms_row_outer_parent { \n\tpadding-top: 70px; \n} \n\n#cmsms_row_69e217c04559e5_48526847 .cmsms_row_outer_parent { \n\tpadding-bottom: 50px; \n} \n\n \n#cmsms_heading_69e217c0464a72_37366819 { \n\ttext-align:left; \n\tmargin-top:0px; \n\tmargin-bottom:40px; \n} \n\n#cmsms_heading_69e217c0464a72_37366819 .cmsms_heading { \n\ttext-align:left; \n} \n\n#cmsms_heading_69e217c0464a72_37366819 .cmsms_heading, #cmsms_heading_69e217c0464a72_37366819 .cmsms_heading a { \n\tfont-weight:normal; \n\tfont-style:normal; \n} \n\n#cmsms_heading_69e217c0464a72_37366819 .cmsms_heading_divider { \n} \n\n \n#cmsms_row_69e217c04656a7_80146132 .cmsms_row_outer_parent { \n\tpadding-top: 0px; \n} \n\n#cmsms_row_69e217c04656a7_80146132 .cmsms_row_outer_parent { \n\tpadding-bottom: 0px; \n} \n\n#cmsms_row_69e217c04656a7_80146132 .cmsms_row_inner.cmsms_row_fullwidth { \n\tpadding-left:0%; \n} \n#cmsms_row_69e217c04656a7_80146132 .cmsms_row_inner.cmsms_row_fullwidth { \n\tpadding-right:0%; \n} \n \n#cmsms_divider_69e217c04662a4_59855406 { \n\tborder-bottom-width:1px; \n\tborder-bottom-style:solid; \n\tpadding-top:0px; \n\tmargin-bottom:0px; \n\tborder-bottom-color:rgba(229,229,229,0.8);\n} \n \n#cmsms_row_69e217c04666c4_49869678 .cmsms_row_outer_parent { \n\tpadding-top: 60px; \n} \n\n#cmsms_row_69e217c04666c4_49869678 .cmsms_row_outer_parent { \n\tpadding-bottom: 30px; \n} \n\n \n#cmsms_heading_69e217c04676e5_61742907 { \n\ttext-align:center; \n\tmargin-top:0px; \n\tmargin-bottom:40px; \n} \n\n#cmsms_heading_69e217c04676e5_61742907 .cmsms_heading { \n\ttext-align:center; \n} \n\n#cmsms_heading_69e217c04676e5_61742907 .cmsms_heading, #cmsms_heading_69e217c04676e5_61742907 .cmsms_heading a { \n\tfont-weight:normal; \n\tfont-style:normal; \n} \n\n#cmsms_heading_69e217c04676e5_61742907 .cmsms_heading_divider { \n} \n\n<\/style><p><div id=\"cmsms_row_69e217c0441be7_98123958\" class=\"cmsms_row cmsms_color_scheme_default\">\n<div class=\"cmsms_row_outer_parent\">\n<div class=\"cmsms_row_outer\">\n<div class=\"cmsms_row_inner\">\n<div class=\"cmsms_row_margin\">\n<div class=\"cmsms_column one_half\">\n<p><script type=\"text\/javascript\">jQuery(document).ready(function () { jQuery(\"#cmsms_hover_slider_69e217c0442a19_65735576\").cmsmsHoverSlider( { sliderBlock : \"#cmsms_hover_slider_69e217c0442a19_65735576\", sliderItems : \".cmsms_hover_slider_items\", thumbWidth : \"100\", thumbHeight : \"60\", activeSlide : 1, pauseTime : 5000, pauseOnHover : true } );} );<\/script><div id=\"cmsms_hover_slider_69e217c0442a19_65735576\" class=\"cmsms_hover_slider\">\n<ul class=\"cmsms_hover_slider_items\">\n<li><figure class=\"cmsms_hover_slider_full_img\"><img width=\"682\" height=\"420\" src=\"https:\/\/airport-clinic.de\/wp-content\/uploads\/2018\/10\/MG_0071-682x1024-682x420.jpg\" class=\"attachment-post-thumbnail size-post-thumbnail\" alt=\"\" decoding=\"async\" loading=\"lazy\" \/><\/figure><\/li><li><figure class=\"cmsms_hover_slider_full_img\"><img width=\"820\" height=\"420\" src=\"https:\/\/airport-clinic.de\/wp-content\/uploads\/2018\/10\/mg_0089_2-820x420.jpg\" class=\"attachment-post-thumbnail size-post-thumbnail\" alt=\"\" decoding=\"async\" loading=\"lazy\" \/><\/figure><\/li><li><figure class=\"cmsms_hover_slider_full_img\"><img width=\"820\" height=\"420\" src=\"https:\/\/airport-clinic.de\/wp-content\/uploads\/2018\/10\/mg_0195-820x420.jpg\" class=\"attachment-post-thumbnail size-post-thumbnail\" alt=\"\" decoding=\"async\" loading=\"lazy\" \/><\/figure><\/li><li><figure class=\"cmsms_hover_slider_full_img\"><img width=\"820\" height=\"420\" src=\"https:\/\/airport-clinic.de\/wp-content\/uploads\/2018\/10\/mg_9824-820x420.jpg\" class=\"attachment-post-thumbnail size-post-thumbnail\" alt=\"\" decoding=\"async\" loading=\"lazy\" \/><\/figure><\/li><li><figure class=\"cmsms_hover_slider_full_img\"><img width=\"820\" height=\"420\" src=\"https:\/\/airport-clinic.de\/wp-content\/uploads\/2018\/10\/mg_9856-820x420.jpg\" class=\"attachment-post-thumbnail size-post-thumbnail\" alt=\"\" decoding=\"async\" loading=\"lazy\" \/><\/figure><\/li><li><figure class=\"cmsms_hover_slider_full_img\"><img width=\"820\" height=\"420\" src=\"https:\/\/airport-clinic.de\/wp-content\/uploads\/2018\/10\/mg_9962-820x420.jpg\" class=\"attachment-post-thumbnail size-post-thumbnail\" alt=\"\" decoding=\"async\" loading=\"lazy\" \/><\/figure><\/li><li><figure class=\"cmsms_hover_slider_full_img\"><img width=\"820\" height=\"420\" src=\"https:\/\/airport-clinic.de\/wp-content\/uploads\/2018\/10\/panorama_1-820x420.jpg\" class=\"attachment-post-thumbnail size-post-thumbnail\" alt=\"\" decoding=\"async\" loading=\"lazy\" \/><\/figure><\/li><li><figure class=\"cmsms_hover_slider_full_img\"><img width=\"820\" height=\"420\" src=\"https:\/\/airport-clinic.de\/wp-content\/uploads\/2018\/10\/MG_0010-1024x682-820x420.jpg\" class=\"attachment-post-thumbnail size-post-thumbnail\" alt=\"\" decoding=\"async\" loading=\"lazy\" \/><\/figure><\/li><li><figure class=\"cmsms_hover_slider_full_img\"><img width=\"682\" height=\"420\" src=\"https:\/\/airport-clinic.de\/wp-content\/uploads\/2018\/10\/MG_0018-682x1024-682x420.jpg\" class=\"attachment-post-thumbnail size-post-thumbnail\" alt=\"\" decoding=\"async\" loading=\"lazy\" \/><\/figure><\/li><li><figure class=\"cmsms_hover_slider_full_img\"><img width=\"820\" height=\"420\" src=\"https:\/\/airport-clinic.de\/wp-content\/uploads\/2018\/10\/MG_0022-1024x682-820x420.jpg\" class=\"attachment-post-thumbnail size-post-thumbnail\" alt=\"\" decoding=\"async\" loading=\"lazy\" \/><\/figure><\/li><li><figure class=\"cmsms_hover_slider_full_img\"><img width=\"655\" height=\"420\" src=\"https:\/\/airport-clinic.de\/wp-content\/uploads\/2018\/10\/MG_0033-655x1024-655x420.jpg\" class=\"attachment-post-thumbnail size-post-thumbnail\" alt=\"\" decoding=\"async\" loading=\"lazy\" \/><\/figure><\/li><li><figure class=\"cmsms_hover_slider_full_img\"><img width=\"820\" height=\"420\" src=\"https:\/\/airport-clinic.de\/wp-content\/uploads\/2018\/10\/mg_0039-820x420.jpg\" class=\"attachment-post-thumbnail size-post-thumbnail\" alt=\"\" decoding=\"async\" loading=\"lazy\" \/><\/figure><\/li><li><figure class=\"cmsms_hover_slider_full_img\"><img width=\"820\" height=\"420\" src=\"https:\/\/airport-clinic.de\/wp-content\/uploads\/2018\/10\/mg_0043-820x420.jpg\" class=\"attachment-post-thumbnail size-post-thumbnail\" alt=\"\" decoding=\"async\" loading=\"lazy\" \/><\/figure><\/li><li><figure class=\"cmsms_hover_slider_full_img\"><img width=\"820\" height=\"420\" src=\"https:\/\/airport-clinic.de\/wp-content\/uploads\/2018\/10\/mg_0049-820x420.jpg\" class=\"attachment-post-thumbnail size-post-thumbnail\" alt=\"\" decoding=\"async\" loading=\"lazy\" \/><\/figure><\/li><li><figure class=\"cmsms_hover_slider_full_img\"><img width=\"820\" height=\"420\" src=\"https:\/\/airport-clinic.de\/wp-content\/uploads\/2018\/10\/MG_0054-1024x682-820x420.jpg\" class=\"attachment-post-thumbnail size-post-thumbnail\" alt=\"\" decoding=\"async\" loading=\"lazy\" \/><\/figure><\/li><li><figure class=\"cmsms_hover_slider_full_img\"><img width=\"686\" height=\"420\" src=\"https:\/\/airport-clinic.de\/wp-content\/uploads\/2018\/10\/MG_0060-686x1024-686x420.jpg\" class=\"attachment-post-thumbnail size-post-thumbnail\" alt=\"\" decoding=\"async\" loading=\"lazy\" \/><\/figure><\/li><\/ul>\n<\/div>\n<\/div>\n<div class=\"cmsms_column one_half\">\n\n<div id=\"cmsms_heading_69e217c04518d7_52094904\" class=\"cmsms_heading_wrap cmsms_heading_align_left\">\n\t<h1 class=\"cmsms_heading\"> Wir begr\u00fc\u00dfen Sie in der AirportClinic Freising<\/h1>\n<\/div><div class=\"cmsms_text\">\n<div class=\"wpb_text_column wpb_content_element vc_custom_1436844116277\">\n<div class=\"wpb_wrapper\">\n<p>Aussehen und seelisches Wohlbefinden sind eng verbunden. Wer sich sch\u00f6n findet, f\u00fchlt sich wohl und strahlt dies aus. Attraktive Menschen mit positiver Ausstrahlung gelten als gesund, sozial kompetent und erfolgreich.<br \/>\nDie Z\u00e4hn\u00e4rzte und zahnmedizinischen Fachkr\u00e4fte unserer Klinik helfen und beraten Sie auf dem Weg zu Ihrem Wunschl\u00e4cheln.<br \/>\nDass Sie sich rundum wohl f\u00fchlen \u2013 nicht mehr und nicht weniger \u2013 m\u00f6chten wir gemeinsam mit Ihnen erreichen. Ihre individuellen Bed\u00fcrfnisse stehen dabei immer im Mittelpunkt.<\/p>\n<\/div>\n<\/div>\n<\/div>\n<\/div>\n<\/div>\n<\/div>\n<\/div>\n<\/div>\n<\/div>\n<div id=\"cmsms_row_69e217c0452732_44795631\" class=\"cmsms_row cmsms_color_scheme_default\">\n<div class=\"cmsms_row_outer_parent\">\n<div class=\"cmsms_row_outer\">\n<div class=\"cmsms_row_inner cmsms_row_fullwidth\">\n<div class=\"cmsms_row_margin\">\n<div class=\"cmsms_column one_first\">\n\n<div id=\"cmsms_divider_69e217c0453354_18038454\" class=\"cmsms_divider cmsms_divider_width_long cmsms_divider_pos_center\"><\/div>\n<\/div>\n<\/div>\n<\/div>\n<\/div>\n<\/div>\n<\/div>\n<div id=\"cmsms_row_69e217c0453978_20574466\" class=\"cmsms_row cmsms_color_scheme_default\">\n<div class=\"cmsms_row_outer_parent\">\n<div class=\"cmsms_row_outer\">\n<div class=\"cmsms_row_inner\">\n<div class=\"cmsms_row_margin\">\n<div class=\"cmsms_column one_first\">\n\n<div id=\"cmsms_heading_69e217c0454e91_09097573\" class=\"cmsms_heading_wrap cmsms_heading_align_center\">\n\t<h1 class=\"cmsms_heading\">Die Zahnarztpraxis AirportClinic Freising ist spezialisiert auf<\/h1>\n<\/div><div class=\"cmsms_text\">\n<ul>\n<li>Mund-, Kiefer- und Gesichtschirurgie<\/li>\n<li>Zahnheilkunde<\/li>\n<li>Aesthetische Chirurgie<\/li>\n<li>Sanfte Therapie f\u00fcr Angstpatienten<\/li>\n<\/ul>\n<p>Um Ihnen die bestm\u00f6glichen Behandlungen zu bieten, arbeiten wir nach den neusten dental-wissenschaftlichen Erkenntnissen der Zahnmedizin. Wir nutzen unsere langj\u00e4hrige Erfahrung sowie die faszinierenden Weiterentwicklungen von Techniken und Materialien, um f\u00fcr Ihre Z\u00e4hne die besten Ergebnisse zu erzielen.<\/p>\n<p>Speziell f\u00fcr Menschen mit einer Zahnarztphobie bieten wir Zahnbehandlungsmethoden mit Lachgas Narkose und therapheutischer Begleitung an.<\/p>\n<p>Fragen Sie uns auch nach unseren Prophylaxe und F\u00fcllungsmaterial Angeboten.<br \/>\nWir freuen uns auf Sie!<\/p>\n<p>Ihr<br \/>\nDr. med. Andreas Jauch<br \/>\nFacharzt f\u00fcr Mund-, Kiefer- und Gesichtschirurgie<br \/>\nAirportClinic Freising<br \/>\n\u201e<em>Ihr Zahnarzt in Freising<\/em>\u201c<\/p>\n<\/div>\n<\/div>\n<\/div>\n<\/div>\n<\/div>\n<\/div>\n<\/div>\n<\/p>","protected":false},"excerpt":{"rendered":"","protected":false},"author":1,"featured_media":0,"parent":0,"menu_order":0,"comment_status":"closed","ping_status":"open","template":"","meta":[],"yoast_head":"<!-- This site is optimized with the Yoast SEO plugin v20.5 - https:\/\/yoast.com\/wordpress\/plugins\/seo\/ -->\n<title>Die AirportClinic Praxis - AirportClinic Freising<\/title>\n<meta name=\"robots\" content=\"index, follow, max-snippet:-1, max-image-preview:large, max-video-preview:-1\" \/>\n<link rel=\"canonical\" href=\"https:\/\/airport-clinic.de\/uber-uns\/\" \/>\n<meta property=\"og:locale\" content=\"en_US\" \/>\n<meta property=\"og:type\" content=\"article\" \/>\n<meta property=\"og:title\" content=\"Die AirportClinic Praxis - AirportClinic Freising\" \/>\n<meta property=\"og:url\" content=\"https:\/\/airport-clinic.de\/uber-uns\/\" \/>\n<meta property=\"og:site_name\" content=\"AirportClinic Freising\" \/>\n<meta property=\"article:modified_time\" content=\"2019-03-19T14:42:01+00:00\" \/>\n<meta name=\"twitter:card\" content=\"summary_large_image\" \/>\n<meta name=\"twitter:label1\" content=\"Est. reading time\" \/>\n\t<meta name=\"twitter:data1\" content=\"9 minutes\" \/>\n<script type=\"application\/ld+json\" class=\"yoast-schema-graph\">{\"@context\":\"https:\/\/schema.org\",\"@graph\":[{\"@type\":\"WebPage\",\"@id\":\"https:\/\/airport-clinic.de\/uber-uns\/\",\"url\":\"https:\/\/airport-clinic.de\/uber-uns\/\",\"name\":\"Die AirportClinic Praxis - AirportClinic Freising\",\"isPartOf\":{\"@id\":\"https:\/\/airport-clinic.de\/en\/#website\"},\"datePublished\":\"2015-07-30T11:24:49+00:00\",\"dateModified\":\"2019-03-19T14:42:01+00:00\",\"breadcrumb\":{\"@id\":\"https:\/\/airport-clinic.de\/uber-uns\/#breadcrumb\"},\"inLanguage\":\"en-US\",\"potentialAction\":[{\"@type\":\"ReadAction\",\"target\":[\"https:\/\/airport-clinic.de\/uber-uns\/\"]}]},{\"@type\":\"BreadcrumbList\",\"@id\":\"https:\/\/airport-clinic.de\/uber-uns\/#breadcrumb\",\"itemListElement\":[{\"@type\":\"ListItem\",\"position\":1,\"name\":\"Home\",\"item\":\"https:\/\/airport-clinic.de\/\"},{\"@type\":\"ListItem\",\"position\":2,\"name\":\"Die AirportClinic Praxis\"}]},{\"@type\":\"WebSite\",\"@id\":\"https:\/\/airport-clinic.de\/en\/#website\",\"url\":\"https:\/\/airport-clinic.de\/en\/\",\"name\":\"AirportClinic Freising\",\"description\":\"Zentrum f\u00fcr Zahn-, Mund-, Kieferheilkunde und \u00e4sthetische Chirurgie MVZ GmbH\",\"potentialAction\":[{\"@type\":\"SearchAction\",\"target\":{\"@type\":\"EntryPoint\",\"urlTemplate\":\"https:\/\/airport-clinic.de\/en\/?s={search_term_string}\"},\"query-input\":\"required name=search_term_string\"}],\"inLanguage\":\"en-US\"}]}<\/script>\n<!-- \/ Yoast SEO plugin. -->","yoast_head_json":{"title":"Die AirportClinic Praxis - AirportClinic Freising","robots":{"index":"index","follow":"follow","max-snippet":"max-snippet:-1","max-image-preview":"max-image-preview:large","max-video-preview":"max-video-preview:-1"},"canonical":"https:\/\/airport-clinic.de\/uber-uns\/","og_locale":"en_US","og_type":"article","og_title":"Die AirportClinic Praxis - AirportClinic Freising","og_url":"https:\/\/airport-clinic.de\/uber-uns\/","og_site_name":"AirportClinic Freising","article_modified_time":"2019-03-19T14:42:01+00:00","twitter_card":"summary_large_image","twitter_misc":{"Est. reading time":"9 minutes"},"schema":{"@context":"https:\/\/schema.org","@graph":[{"@type":"WebPage","@id":"https:\/\/airport-clinic.de\/uber-uns\/","url":"https:\/\/airport-clinic.de\/uber-uns\/","name":"Die AirportClinic Praxis - AirportClinic Freising","isPartOf":{"@id":"https:\/\/airport-clinic.de\/en\/#website"},"datePublished":"2015-07-30T11:24:49+00:00","dateModified":"2019-03-19T14:42:01+00:00","breadcrumb":{"@id":"https:\/\/airport-clinic.de\/uber-uns\/#breadcrumb"},"inLanguage":"en-US","potentialAction":[{"@type":"ReadAction","target":["https:\/\/airport-clinic.de\/uber-uns\/"]}]},{"@type":"BreadcrumbList","@id":"https:\/\/airport-clinic.de\/uber-uns\/#breadcrumb","itemListElement":[{"@type":"ListItem","position":1,"name":"Home","item":"https:\/\/airport-clinic.de\/"},{"@type":"ListItem","position":2,"name":"Die AirportClinic Praxis"}]},{"@type":"WebSite","@id":"https:\/\/airport-clinic.de\/en\/#website","url":"https:\/\/airport-clinic.de\/en\/","name":"AirportClinic Freising","description":"Zentrum f\u00fcr Zahn-, Mund-, Kieferheilkunde und \u00e4sthetische Chirurgie MVZ GmbH","potentialAction":[{"@type":"SearchAction","target":{"@type":"EntryPoint","urlTemplate":"https:\/\/airport-clinic.de\/en\/?s={search_term_string}"},"query-input":"required name=search_term_string"}],"inLanguage":"en-US"}]}},"_links":{"self":[{"href":"https:\/\/airport-clinic.de\/en\/wp-json\/wp\/v2\/pages\/1325"}],"collection":[{"href":"https:\/\/airport-clinic.de\/en\/wp-json\/wp\/v2\/pages"}],"about":[{"href":"https:\/\/airport-clinic.de\/en\/wp-json\/wp\/v2\/types\/page"}],"author":[{"embeddable":true,"href":"https:\/\/airport-clinic.de\/en\/wp-json\/wp\/v2\/users\/1"}],"replies":[{"embeddable":true,"href":"https:\/\/airport-clinic.de\/en\/wp-json\/wp\/v2\/comments?post=1325"}],"version-history":[{"count":14,"href":"https:\/\/airport-clinic.de\/en\/wp-json\/wp\/v2\/pages\/1325\/revisions"}],"predecessor-version":[{"id":4926,"href":"https:\/\/airport-clinic.de\/en\/wp-json\/wp\/v2\/pages\/1325\/revisions\/4926"}],"wp:attachment":[{"href":"https:\/\/airport-clinic.de\/en\/wp-json\/wp\/v2\/media?parent=1325"}],"curies":[{"name":"wp","href":"https:\/\/api.w.org\/{rel}","templated":true}]}}