{"id":4399,"date":"2018-10-25T13:39:12","date_gmt":"2018-10-25T11:39:12","guid":{"rendered":"http:\/\/staging.airport-clinic.de\/?page_id=4399"},"modified":"2018-10-25T19:26:11","modified_gmt":"2018-10-25T17:26:11","slug":"mund-kiefer-und-gesichtschirurgie","status":"publish","type":"page","link":"https:\/\/airport-clinic.de\/en\/mund-kiefer-und-gesichtschirurgie\/","title":{"rendered":"Mund-, Kiefer- und Gesichtschirurgie"},"content":{"rendered":"<style type=\"text\/css\"> \n#cmsms_divider_69de4cb080b624_45370274 { \n\tborder-bottom-width:0px; \n\tborder-bottom-style:solid; \n\tpadding-top:10px; \n\tmargin-bottom:10px; \n} \n \n\n#cmsms_fb_69de4cb080bbf5_79634640 { \n\tpadding-top:0px; \n\tpadding-bottom:0px; \n} \n\n#cmsms_fb_69de4cb080bbf5_79634640 .featured_block_inner { \n\twidth: 100%; \n\tpadding: ; \n\ttext-align: left; \n\tmargin:0 auto; \n\tbackground-color:rgba(35,35,35,0.43);\n} \n\n#cmsms_fb_69de4cb080bbf5_79634640 .featured_block_text { \n\ttext-align: left; \n} \n\n \n\n#cmsms_fb_69de4cb080dab2_42713004 { \n\tpadding-top:0px; \n\tpadding-bottom:0px; \n} \n\n#cmsms_fb_69de4cb080dab2_42713004 .featured_block_inner { \n\twidth: 100%; \n\tpadding: ; \n\ttext-align: left; \n\tmargin:0 auto; \n\tbackground-color:rgba(35,35,35,0);\n} \n\n#cmsms_fb_69de4cb080dab2_42713004 .featured_block_text { \n\ttext-align: left; \n} \n\n \n#cmsms_divider_69de4cb080e185_31403917 { \n\tborder-bottom-width:0px; \n\tborder-bottom-style:solid; \n\tpadding-top:10px; \n\tmargin-bottom:10px; \n} \n \n\n#cmsms_fb_69de4cb080e412_58509314 { \n\tpadding-top:0px; \n\tpadding-bottom:0px; \n} \n\n#cmsms_fb_69de4cb080e412_58509314 .featured_block_inner { \n\twidth: 100%; \n\tpadding: ; \n\ttext-align: left; \n\tmargin:0 auto; \n\tbackground-color:rgba(35,35,35,0.43);\n} \n\n#cmsms_fb_69de4cb080e412_58509314 .featured_block_text { \n\ttext-align: left; \n} \n\n \n\n#cmsms_fb_69de4cb080e973_80248141 { \n\tpadding-top:0px; \n\tpadding-bottom:0px; \n} \n\n#cmsms_fb_69de4cb080e973_80248141 .featured_block_inner { \n\twidth: 100%; \n\tpadding: ; \n\ttext-align: left; \n\tmargin:0 auto; \n\tbackground-color:rgba(35,35,35,0);\n} \n\n#cmsms_fb_69de4cb080e973_80248141 .featured_block_text { \n\ttext-align: left; \n} \n\n \n#cmsms_divider_69de4cb080f140_76807492 { \n\tborder-bottom-width:0px; \n\tborder-bottom-style:solid; \n\tpadding-top:10px; \n\tmargin-bottom:10px; \n} \n \n\n#cmsms_fb_69de4cb080f4a4_32998921 { \n\tpadding-top:0px; \n\tpadding-bottom:0px; \n} \n\n#cmsms_fb_69de4cb080f4a4_32998921 .featured_block_inner { \n\twidth: 100%; \n\tpadding: ; \n\ttext-align: left; \n\tmargin:0 auto; \n\tbackground-color:rgba(35,35,35,0.43);\n} \n\n#cmsms_fb_69de4cb080f4a4_32998921 .featured_block_text { \n\ttext-align: left; \n} \n\n \n\n#cmsms_fb_69de4cb080fad7_38518639 { \n\tpadding-top:0px; \n\tpadding-bottom:0px; \n} \n\n#cmsms_fb_69de4cb080fad7_38518639 .featured_block_inner { \n\twidth: 100%; \n\tpadding: ; \n\ttext-align: left; \n\tmargin:0 auto; \n\tbackground-color:rgba(35,35,35,0);\n} \n\n#cmsms_fb_69de4cb080fad7_38518639 .featured_block_text { \n\ttext-align: left; \n} \n\n \n#cmsms_divider_69de4cb0810172_63289603 { \n\tborder-bottom-width:0px; \n\tborder-bottom-style:solid; \n\tpadding-top:10px; \n\tmargin-bottom:10px; \n} \n \n\n#cmsms_fb_69de4cb0810497_01931205 { \n\tpadding-top:0px; \n\tpadding-bottom:0px; \n} \n\n#cmsms_fb_69de4cb0810497_01931205 .featured_block_inner { \n\twidth: 100%; \n\tpadding: ; \n\ttext-align: left; \n\tmargin:0 auto; \n\tbackground-color:rgba(35,35,35,0.43);\n} \n\n#cmsms_fb_69de4cb0810497_01931205 .featured_block_text { \n\ttext-align: left; \n} \n\n \n\n#cmsms_fb_69de4cb0810a97_00746923 { \n\tpadding-top:0px; \n\tpadding-bottom:0px; \n} \n\n#cmsms_fb_69de4cb0810a97_00746923 .featured_block_inner { \n\twidth: 100%; \n\tpadding: ; \n\ttext-align: left; \n\tmargin:0 auto; \n\tbackground-color:rgba(35,35,35,0);\n} \n\n#cmsms_fb_69de4cb0810a97_00746923 .featured_block_text { \n\ttext-align: left; \n} \n\n \n#cmsms_divider_69de4cb0811165_39981249 { \n\tborder-bottom-width:0px; \n\tborder-bottom-style:solid; \n\tpadding-top:10px; \n\tmargin-bottom:10px; \n} \n \n\n#cmsms_fb_69de4cb08114a4_61819588 { \n\tpadding-top:0px; \n\tpadding-bottom:0px; \n} \n\n#cmsms_fb_69de4cb08114a4_61819588 .featured_block_inner { \n\twidth: 100%; \n\tpadding: ; \n\ttext-align: left; \n\tmargin:0 auto; \n\tbackground-color:rgba(35,35,35,0.43);\n} \n\n#cmsms_fb_69de4cb08114a4_61819588 .featured_block_text { \n\ttext-align: left; \n} \n\n \n\n#cmsms_fb_69de4cb0811a96_53265813 { \n\tpadding-top:0px; \n\tpadding-bottom:0px; \n} \n\n#cmsms_fb_69de4cb0811a96_53265813 .featured_block_inner { \n\twidth: 100%; \n\tpadding: ; \n\ttext-align: left; \n\tmargin:0 auto; \n\tbackground-color:rgba(35,35,35,0);\n} \n\n#cmsms_fb_69de4cb0811a96_53265813 .featured_block_text { \n\ttext-align: left; \n} \n\n \n#cmsms_divider_69de4cb08120c2_91082560 { \n\tborder-bottom-width:0px; \n\tborder-bottom-style:solid; \n\tpadding-top:10px; \n\tmargin-bottom:10px; \n} \n<\/style><div id=\"cmsms_row_69de4cb0804b96_63706924\" class=\"cmsms_row cmsms_color_scheme_default\">\n<div class=\"cmsms_row_outer_parent\">\n<div class=\"cmsms_row_outer\">\n<div class=\"cmsms_row_inner\">\n<div class=\"cmsms_row_margin\">\n<div class=\"cmsms_column one_first\">\n\n<div id=\"cmsms_divider_69de4cb080b624_45370274\" class=\"cl\"><\/div>\n<div id=\"cmsms_fb_69de4cb080bbf5_79634640\" class=\"cmsms_featured_block\">\n<div class=\"featured_block_inner\">\n<div class=\"featured_block_text\">\n<h3><span style=\"color: #ffffff;\">Kiefergelenkerkrankungen<\/span><\/h3>\n<\/div>\n<\/div>\n<\/div>\n<div id=\"cmsms_fb_69de4cb080dab2_42713004\" class=\"cmsms_featured_block\">\n<div class=\"featured_block_inner\">\n<div class=\"featured_block_text\">\n<p>In manchen F\u00e4llen k\u00f6nnen diese Fehlregulationen schmerzhaft sein. In den meisten F\u00e4llen handelt es sich hierbei um eine Verlagerung der im Kiefergelenk liegenden Knorpelscheibe, die sogenannte Diskusverlagerung, Schmerzen der Kaumuskulatur ( myofasziale Schmerzen), oder degenerative Ver\u00e4nderungen im Kiefergelenk, wie zum Beispiel Arthralgie, Arthritis oder Arthrose. Die h\u00e4ufigste Kiefergelenkserkrankung wird als CMD bezeichnet ( craniomandibul\u00e4re Dysfunktion ). Eine Behandlung kann hier auch zus\u00e4tzlich mit BX durchgef\u00fchrt werden. Hierzu lesen Sie bitte den Artikel unter news und Archiv.<\/p>\n<\/div>\n<\/div>\n<\/div>\n\n<div id=\"cmsms_divider_69de4cb080e185_31403917\" class=\"cl\"><\/div>\n<div id=\"cmsms_fb_69de4cb080e412_58509314\" class=\"cmsms_featured_block\">\n<div class=\"featured_block_inner\">\n<div class=\"featured_block_text\">\n<h3><span style=\"color: #ffffff;\">Korrektur von Bissfehlstellungen<\/span><\/h3>\n<\/div>\n<\/div>\n<\/div>\n<div id=\"cmsms_fb_69de4cb080e973_80248141\" class=\"cmsms_featured_block\">\n<div class=\"featured_block_inner\">\n<div class=\"featured_block_text\">\n<p>Zu einer Bissfehlstellung kann es aus den unterschiedlichsten Gr\u00fcnden kommen. Diese Fehlstellungen k\u00f6nnen dazu f\u00fchren, dass Sprechen, Schlucken oder Kauen stark beeintr\u00e4chtigt wird. Au\u00dferdem ist es aus \u00e4sthetischen Gr\u00fcnden eine Belastung f\u00fcr viele Menschen, welche unter Bissfehlstellungen leiden. Ziel einer Behandlung, bzw Operation sollte sein, Ober- bzw. Unterkiefer so zu verschieben, dass ein optimaler Biss erzielt wird.<\/p>\n<\/div>\n<\/div>\n<\/div>\n\n<div id=\"cmsms_divider_69de4cb080f140_76807492\" class=\"cl\"><\/div>\n<div id=\"cmsms_fb_69de4cb080f4a4_32998921\" class=\"cmsms_featured_block\">\n<div class=\"featured_block_inner\">\n<div class=\"featured_block_text\">\n<h3><span style=\"color: #ffffff;\">Parodontologie<\/span><\/h3>\n<\/div>\n<\/div>\n<\/div>\n<div id=\"cmsms_fb_69de4cb080fad7_38518639\" class=\"cmsms_featured_block\">\n<div class=\"featured_block_inner\">\n<div class=\"featured_block_text\">\n<p>Die Parodontitis (wird oft f\u00e4lschlicherweise auch als Parodontose bezeichnet) beschreibt eine bakteriell bedingte Entz\u00fcndung des Parodontiums (Zahnhalteapparat). Eine Parodontitis kann auftreten, unabh\u00e4ngig von Alter, an unterschiedlichen Stellen im Kiefer, unterschiedlich schnell und in unterschiedlichen Schweregraden. Die Ursachen f\u00fcr Parodontitis sind Bakterien, welche sich zwischen Zahn und Zahnfleisch ansammeln. Bleiben dort Restbest\u00e4nde des Zahnbelags (Plaque) zur\u00fcck, zum Beispiel nach ungr\u00fcndlicher Reinigung, kommt es zur Zahnsteinbildung. Dies und weitere Faktoren, wie zum Beispiel Rauchen, Stress oder sonstige Krankheiten f\u00fchren zu einer Entz\u00fcndung des Zahnfleisches, welche h\u00e4ufig zu Blutungen f\u00fchren. F\u00fcr die Behandlung der Parodontitis, die auch zum Zahnverlust f\u00fchren kann, hat Dr. Jauch sein eigenes Konzept entwickelt, welches sich grunds\u00e4tzlich an den Vorgaben von Prof. Winkelhoff orientiert.<\/p>\n<\/div>\n<\/div>\n<\/div>\n\n<div id=\"cmsms_divider_69de4cb0810172_63289603\" class=\"cl\"><\/div>\n<div id=\"cmsms_fb_69de4cb0810497_01931205\" class=\"cmsms_featured_block\">\n<div class=\"featured_block_inner\">\n<div class=\"featured_block_text\">\n<h3><span style=\"color: #ffffff;\">Traumatologie<\/span><\/h3>\n<\/div>\n<\/div>\n<\/div>\n<div id=\"cmsms_fb_69de4cb0810a97_00746923\" class=\"cmsms_featured_block\">\n<div class=\"featured_block_inner\">\n<div class=\"featured_block_text\">\n<p>Als Traumatologie bezeichnet man die Wissenschaft der Wunden und Verletzungen (Wundenkunde). Ebenso befasst sich die Traumatologie mit Entstehungen und Verletzungen. Die Traumatologie umfasst mehrere medizinische Gebiete: Die Unfallchirurgie und die Orthop\u00e4die. Kurz gesagt bezeichnet sich die Traumatologie mit der Behandlung von Verletzungen, zu welchen sowohl kleinere Verletzungen, als auch sogenannte Polytraumata (mindestens zwei K\u00f6rperregionen sind lebensbedrohlich verletzt, wie zum Beispiel Kopf, Brustraum, Bauchraum oder Extremit\u00e4ten) z\u00e4hlen. Die neuesten \u00c4nderungen der Weiterbildungsordnung f\u00fcr \u00c4rzte etablierten die Traumatologie in ihrer international anerkannten Form nun im neuen Fach orthop\u00e4dische Unfallchirurgie auch in Deutschland. Nach einem Unfall ist es sehr wichtig, dass eine schnelle operative Versorgung gew\u00e4hrleistet ist. \u00dcberwachung und Untersuchung der betroffenen Patienten ist hierbei unbedingt notwendig, da sonst nicht die optimalen Heilungsprozesse erzielt werden k\u00f6nnen.<\/p>\n<\/div>\n<\/div>\n<\/div>\n\n<div id=\"cmsms_divider_69de4cb0811165_39981249\" class=\"cl\"><\/div>\n<div id=\"cmsms_fb_69de4cb08114a4_61819588\" class=\"cmsms_featured_block\">\n<div class=\"featured_block_inner\">\n<div class=\"featured_block_text\">\n<h3><span style=\"color: #ffffff;\">Nasenkorrekturen<\/span><\/h3>\n<\/div>\n<\/div>\n<\/div>\n<div id=\"cmsms_fb_69de4cb0811a96_53265813\" class=\"cmsms_featured_block\">\n<div class=\"featured_block_inner\">\n<div class=\"featured_block_text\">\n<p>Grunds\u00e4tzlich gibt es traumatische und angebohrene Nasendeformit\u00e4ten. Erstere ist beispielsweise durch einen Unfall bedingt, kn\u00f6chern und\/oder knorpelig, mit einem oder ohne Gewebedefekt. Eine Korrektur kann mit Hilfe von Eigenmaterial oder Fremdmaterial erfolgen. Die angebohrene Nasendeformit\u00e4t unterscheiden wir in Schief-, Sattel-, H\u00f6ckernase, sowie Fehlstellungen des knorpeligen Anteils, als Breit- oder Spitznase. Nach ausf\u00fchrlicher Beratung und Diagnosestellung erfolgt die operative Korrektur. i.d.R. wird ein Nasengips danach f\u00fcr 2 Wochen angelegt und die Nase von innen eine Woche tamponiert. In dieser Zeit bestehen leichte Einschr\u00e4nkungen der k\u00f6rperlichen Aktivit\u00e4t. Nach 4 Wochen sind keine weiteren Einschr\u00e4nkungen mehr zu erwarten.<\/p>\n<\/div>\n<\/div>\n<\/div>\n\n<div id=\"cmsms_divider_69de4cb08120c2_91082560\" class=\"cl\"><\/div>\n<\/div>\n<\/div>\n<\/div>\n<\/div>\n<\/div>\n<\/div>\n\n","protected":false},"excerpt":{"rendered":"","protected":false},"author":1,"featured_media":0,"parent":0,"menu_order":0,"comment_status":"closed","ping_status":"closed","template":"","meta":[],"yoast_head":"<!-- This site is optimized with the Yoast SEO plugin v20.5 - https:\/\/yoast.com\/wordpress\/plugins\/seo\/ -->\n<title>Mund-, Kiefer- und Gesichtschirurgie - AirportClinic Freising<\/title>\n<meta name=\"robots\" content=\"index, follow, max-snippet:-1, max-image-preview:large, max-video-preview:-1\" \/>\n<link rel=\"canonical\" href=\"https:\/\/airport-clinic.de\/mund-kiefer-und-gesichtschirurgie\/\" \/>\n<meta property=\"og:locale\" content=\"en_US\" \/>\n<meta property=\"og:type\" content=\"article\" \/>\n<meta property=\"og:title\" content=\"Mund-, Kiefer- und Gesichtschirurgie - AirportClinic Freising\" \/>\n<meta property=\"og:url\" content=\"https:\/\/airport-clinic.de\/mund-kiefer-und-gesichtschirurgie\/\" \/>\n<meta property=\"og:site_name\" content=\"AirportClinic Freising\" \/>\n<meta property=\"article:modified_time\" content=\"2018-10-25T17:26:11+00:00\" \/>\n<meta name=\"twitter:card\" content=\"summary_large_image\" \/>\n<meta name=\"twitter:label1\" content=\"Est. reading time\" \/>\n\t<meta name=\"twitter:data1\" content=\"4 minutes\" \/>\n<script type=\"application\/ld+json\" class=\"yoast-schema-graph\">{\"@context\":\"https:\/\/schema.org\",\"@graph\":[{\"@type\":\"WebPage\",\"@id\":\"https:\/\/airport-clinic.de\/mund-kiefer-und-gesichtschirurgie\/\",\"url\":\"https:\/\/airport-clinic.de\/mund-kiefer-und-gesichtschirurgie\/\",\"name\":\"Mund-, Kiefer- und Gesichtschirurgie - AirportClinic Freising\",\"isPartOf\":{\"@id\":\"https:\/\/airport-clinic.de\/en\/#website\"},\"datePublished\":\"2018-10-25T11:39:12+00:00\",\"dateModified\":\"2018-10-25T17:26:11+00:00\",\"breadcrumb\":{\"@id\":\"https:\/\/airport-clinic.de\/mund-kiefer-und-gesichtschirurgie\/#breadcrumb\"},\"inLanguage\":\"en-US\",\"potentialAction\":[{\"@type\":\"ReadAction\",\"target\":[\"https:\/\/airport-clinic.de\/mund-kiefer-und-gesichtschirurgie\/\"]}]},{\"@type\":\"BreadcrumbList\",\"@id\":\"https:\/\/airport-clinic.de\/mund-kiefer-und-gesichtschirurgie\/#breadcrumb\",\"itemListElement\":[{\"@type\":\"ListItem\",\"position\":1,\"name\":\"Home\",\"item\":\"https:\/\/airport-clinic.de\/\"},{\"@type\":\"ListItem\",\"position\":2,\"name\":\"Mund-, Kiefer- und Gesichtschirurgie\"}]},{\"@type\":\"WebSite\",\"@id\":\"https:\/\/airport-clinic.de\/en\/#website\",\"url\":\"https:\/\/airport-clinic.de\/en\/\",\"name\":\"AirportClinic Freising\",\"description\":\"Zentrum f\u00fcr Zahn-, Mund-, Kieferheilkunde und \u00e4sthetische Chirurgie MVZ GmbH\",\"potentialAction\":[{\"@type\":\"SearchAction\",\"target\":{\"@type\":\"EntryPoint\",\"urlTemplate\":\"https:\/\/airport-clinic.de\/en\/?s={search_term_string}\"},\"query-input\":\"required name=search_term_string\"}],\"inLanguage\":\"en-US\"}]}<\/script>\n<!-- \/ Yoast SEO plugin. -->","yoast_head_json":{"title":"Mund-, Kiefer- und Gesichtschirurgie - AirportClinic Freising","robots":{"index":"index","follow":"follow","max-snippet":"max-snippet:-1","max-image-preview":"max-image-preview:large","max-video-preview":"max-video-preview:-1"},"canonical":"https:\/\/airport-clinic.de\/mund-kiefer-und-gesichtschirurgie\/","og_locale":"en_US","og_type":"article","og_title":"Mund-, Kiefer- und Gesichtschirurgie - AirportClinic Freising","og_url":"https:\/\/airport-clinic.de\/mund-kiefer-und-gesichtschirurgie\/","og_site_name":"AirportClinic Freising","article_modified_time":"2018-10-25T17:26:11+00:00","twitter_card":"summary_large_image","twitter_misc":{"Est. reading time":"4 minutes"},"schema":{"@context":"https:\/\/schema.org","@graph":[{"@type":"WebPage","@id":"https:\/\/airport-clinic.de\/mund-kiefer-und-gesichtschirurgie\/","url":"https:\/\/airport-clinic.de\/mund-kiefer-und-gesichtschirurgie\/","name":"Mund-, Kiefer- und Gesichtschirurgie - AirportClinic Freising","isPartOf":{"@id":"https:\/\/airport-clinic.de\/en\/#website"},"datePublished":"2018-10-25T11:39:12+00:00","dateModified":"2018-10-25T17:26:11+00:00","breadcrumb":{"@id":"https:\/\/airport-clinic.de\/mund-kiefer-und-gesichtschirurgie\/#breadcrumb"},"inLanguage":"en-US","potentialAction":[{"@type":"ReadAction","target":["https:\/\/airport-clinic.de\/mund-kiefer-und-gesichtschirurgie\/"]}]},{"@type":"BreadcrumbList","@id":"https:\/\/airport-clinic.de\/mund-kiefer-und-gesichtschirurgie\/#breadcrumb","itemListElement":[{"@type":"ListItem","position":1,"name":"Home","item":"https:\/\/airport-clinic.de\/"},{"@type":"ListItem","position":2,"name":"Mund-, Kiefer- und Gesichtschirurgie"}]},{"@type":"WebSite","@id":"https:\/\/airport-clinic.de\/en\/#website","url":"https:\/\/airport-clinic.de\/en\/","name":"AirportClinic Freising","description":"Zentrum f\u00fcr Zahn-, Mund-, Kieferheilkunde und \u00e4sthetische Chirurgie MVZ GmbH","potentialAction":[{"@type":"SearchAction","target":{"@type":"EntryPoint","urlTemplate":"https:\/\/airport-clinic.de\/en\/?s={search_term_string}"},"query-input":"required name=search_term_string"}],"inLanguage":"en-US"}]}},"_links":{"self":[{"href":"https:\/\/airport-clinic.de\/en\/wp-json\/wp\/v2\/pages\/4399"}],"collection":[{"href":"https:\/\/airport-clinic.de\/en\/wp-json\/wp\/v2\/pages"}],"about":[{"href":"https:\/\/airport-clinic.de\/en\/wp-json\/wp\/v2\/types\/page"}],"author":[{"embeddable":true,"href":"https:\/\/airport-clinic.de\/en\/wp-json\/wp\/v2\/users\/1"}],"replies":[{"embeddable":true,"href":"https:\/\/airport-clinic.de\/en\/wp-json\/wp\/v2\/comments?post=4399"}],"version-history":[{"count":20,"href":"https:\/\/airport-clinic.de\/en\/wp-json\/wp\/v2\/pages\/4399\/revisions"}],"predecessor-version":[{"id":4530,"href":"https:\/\/airport-clinic.de\/en\/wp-json\/wp\/v2\/pages\/4399\/revisions\/4530"}],"wp:attachment":[{"href":"https:\/\/airport-clinic.de\/en\/wp-json\/wp\/v2\/media?parent=4399"}],"curies":[{"name":"wp","href":"https:\/\/api.w.org\/{rel}","templated":true}]}}