{"id":4409,"date":"2018-10-25T13:43:14","date_gmt":"2018-10-25T11:43:14","guid":{"rendered":"http:\/\/staging.airport-clinic.de\/?page_id=4409"},"modified":"2018-10-25T13:43:14","modified_gmt":"2018-10-25T11:43:14","slug":"zahnheilkunde","status":"publish","type":"page","link":"https:\/\/airport-clinic.de\/en\/zahnheilkunde\/","title":{"rendered":"Zahnheilkunde"},"content":{"rendered":"<style type=\"text\/css\"><\/style><p>Nachfolgend erfahren Sie, mit welchen Vorsorge-, Untersuchungs- bzw. Behandlungsmethoden ich Ihnen bei der Erhaltung und Wiederherstellung Ihrer Z\u00e4hne und Ihrer Gesundheit helfen kann. Dies soll Ihnen als erste Information dienen. Gerne berate ich Sie pers\u00f6nlich und individuell zu m\u00f6glichen Behandlungsans\u00e4tzen und beantworte Ihre Fragen umfassend und kompetent.<\/p>\n<p>Folgende fach\u00e4rztlichen Leistungen biete ich in der AirportClinic Freising f\u00fcr Sie an:<\/p>\n<p><strong>Implantologie \/ Implantate<\/strong><br \/>\nDie Implantologie bezeichnet einen Teilbereich der Zahnheilkunde. Zahnimplantate k\u00f6nnen auch als \u201ek\u00fcnstliche Wurzel\u201c bezeichnet werden. Sie werden anstelle von fehlenden Z\u00e4hnen im Kiefer in den Knochen eingesetzt. Innerhalb von 3 bis 6 Monaten kann sich ein Zahnimplantat mit dem ihm umgebenden Knochen zu einer festen und sehr belastungsf\u00e4higen Tr\u00e4gereinheit verbinden. Ein Implantat kann die selben Aufgaben \u00fcbernehmen, die einst der \u201eechte\u201c Zahn \u00fcbernommen hat. Implantate sind medizinisch anerkannt und wissenschaftlich erforscht. Durch zahlreiche wissenschaftliche Langzeitstudien konnte festgestellt werden, dass die Implantologie zu den erfolgreichsten Therapien der Medizin gez\u00e4hlt werden kann.<\/p>\n<p>Implantate sind in der Regel aus Titan. Zirkonoxid- Implantate sind metallfrei und werden von uns in der AirportClinic mit sehr gro\u00dfem Erfolg angewendet. Dr. Jauch hat Erfahrung seit \u00fcber 20 Jahren mit Keramikimplantaten.(<a href=\"http:\/\/www.airport-clinic.de\/implantate-haufige-fragen-und-antworten\/\">siehe unsere Artikel dazu<\/a>)<\/p>\n<h3><strong>Angstpatienten und Sanierungen in Narkose und\u00a0Sedierung mit Lachgas<\/strong><\/h3>\n<p>Zu unserem besonderen Bem\u00fchen z\u00e4hlt die Behandlung von sogenannten Zahnarztangstpatienten. Das Team der \u00a0AirportClinic Freising unter der Leitung von Dr. Andreas Jauch wird besonders geschult. Die Patienten werden nicht im Zahnarztstuhl, sondern in einem Besprechungszimmer empfangen. Beim Erstkontakt erfolgt i.d.R. keine Untersuchung sondern zun\u00e4chst ein Beratungsgespr\u00e4ch \u00fcber die W\u00fcnsche des Patienten.<\/p>\n<p>Falls es dann zur Behandlung in der AirportClinic Freising kommen sollte, k\u00f6nnen wir diese in intraven\u00f6ser Sedierung ( Propophol oder Dormicum) oder in Lachgassedierung oder in Vollnarkose anbieten. Wir machen F\u00fcllungen, Zahnersatz, Entfernung von Z\u00e4hnen und die gesamte Chirurgie bei Bedarf in Vollnarkose. Wir sind stets bem\u00fcht die Kosten f\u00fcr den Patienten so gering wie m\u00f6glich zu halten.<\/p>\n<p>Eine Beratung ist selbstverst\u00e4ndlich f\u00fcr Sie kostenlos.\u00a0Scheuen Sie sich nicht uns anzusprechen.<\/p>\n","protected":false},"excerpt":{"rendered":"<p>Nachfolgend erfahren Sie, mit welchen Vorsorge-, Untersuchungs- bzw. Behandlungsmethoden ich Ihnen bei der Erhaltung und Wiederherstellung Ihrer Z\u00e4hne und Ihrer Gesundheit helfen kann. Dies soll Ihnen als erste Information dienen. Gerne berate ich Sie pers\u00f6nlich und individuell zu m\u00f6glichen Behandlungsans\u00e4tzen und beantworte Ihre Fragen umfassend und kompetent. Folgende fach\u00e4rztlichen Leistungen biete ich in der AirportClinic&#8230;<\/p>\n","protected":false},"author":1,"featured_media":0,"parent":0,"menu_order":0,"comment_status":"closed","ping_status":"closed","template":"","meta":[],"yoast_head":"<!-- This site is optimized with the Yoast SEO plugin v20.5 - https:\/\/yoast.com\/wordpress\/plugins\/seo\/ -->\n<title>Zahnheilkunde - AirportClinic Freising<\/title>\n<meta name=\"robots\" content=\"index, follow, max-snippet:-1, max-image-preview:large, max-video-preview:-1\" \/>\n<link rel=\"canonical\" href=\"https:\/\/airport-clinic.de\/zahnheilkunde\/\" \/>\n<meta property=\"og:locale\" content=\"en_US\" \/>\n<meta property=\"og:type\" content=\"article\" \/>\n<meta property=\"og:title\" content=\"Zahnheilkunde - AirportClinic Freising\" \/>\n<meta property=\"og:description\" content=\"Nachfolgend erfahren Sie, mit welchen Vorsorge-, Untersuchungs- bzw. Behandlungsmethoden ich Ihnen bei der Erhaltung und Wiederherstellung Ihrer Z\u00e4hne und Ihrer Gesundheit helfen kann. Dies soll Ihnen als erste Information dienen. Gerne berate ich Sie pers\u00f6nlich und individuell zu m\u00f6glichen Behandlungsans\u00e4tzen und beantworte Ihre Fragen umfassend und kompetent. Folgende fach\u00e4rztlichen Leistungen biete ich in der AirportClinic...\" \/>\n<meta property=\"og:url\" content=\"https:\/\/airport-clinic.de\/zahnheilkunde\/\" \/>\n<meta property=\"og:site_name\" content=\"AirportClinic Freising\" \/>\n<meta name=\"twitter:card\" content=\"summary_large_image\" \/>\n<meta name=\"twitter:label1\" content=\"Est. reading time\" \/>\n\t<meta name=\"twitter:data1\" content=\"2 minutes\" \/>\n<script type=\"application\/ld+json\" class=\"yoast-schema-graph\">{\"@context\":\"https:\/\/schema.org\",\"@graph\":[{\"@type\":\"WebPage\",\"@id\":\"https:\/\/airport-clinic.de\/zahnheilkunde\/\",\"url\":\"https:\/\/airport-clinic.de\/zahnheilkunde\/\",\"name\":\"Zahnheilkunde - AirportClinic Freising\",\"isPartOf\":{\"@id\":\"https:\/\/airport-clinic.de\/en\/#website\"},\"datePublished\":\"2018-10-25T11:43:14+00:00\",\"dateModified\":\"2018-10-25T11:43:14+00:00\",\"breadcrumb\":{\"@id\":\"https:\/\/airport-clinic.de\/zahnheilkunde\/#breadcrumb\"},\"inLanguage\":\"en-US\",\"potentialAction\":[{\"@type\":\"ReadAction\",\"target\":[\"https:\/\/airport-clinic.de\/zahnheilkunde\/\"]}]},{\"@type\":\"BreadcrumbList\",\"@id\":\"https:\/\/airport-clinic.de\/zahnheilkunde\/#breadcrumb\",\"itemListElement\":[{\"@type\":\"ListItem\",\"position\":1,\"name\":\"Home\",\"item\":\"https:\/\/airport-clinic.de\/\"},{\"@type\":\"ListItem\",\"position\":2,\"name\":\"Zahnheilkunde\"}]},{\"@type\":\"WebSite\",\"@id\":\"https:\/\/airport-clinic.de\/en\/#website\",\"url\":\"https:\/\/airport-clinic.de\/en\/\",\"name\":\"AirportClinic Freising\",\"description\":\"Zentrum f\u00fcr Zahn-, Mund-, Kieferheilkunde und \u00e4sthetische Chirurgie MVZ GmbH\",\"potentialAction\":[{\"@type\":\"SearchAction\",\"target\":{\"@type\":\"EntryPoint\",\"urlTemplate\":\"https:\/\/airport-clinic.de\/en\/?s={search_term_string}\"},\"query-input\":\"required name=search_term_string\"}],\"inLanguage\":\"en-US\"}]}<\/script>\n<!-- \/ Yoast SEO plugin. -->","yoast_head_json":{"title":"Zahnheilkunde - AirportClinic Freising","robots":{"index":"index","follow":"follow","max-snippet":"max-snippet:-1","max-image-preview":"max-image-preview:large","max-video-preview":"max-video-preview:-1"},"canonical":"https:\/\/airport-clinic.de\/zahnheilkunde\/","og_locale":"en_US","og_type":"article","og_title":"Zahnheilkunde - AirportClinic Freising","og_description":"Nachfolgend erfahren Sie, mit welchen Vorsorge-, Untersuchungs- bzw. Behandlungsmethoden ich Ihnen bei der Erhaltung und Wiederherstellung Ihrer Z\u00e4hne und Ihrer Gesundheit helfen kann. Dies soll Ihnen als erste Information dienen. Gerne berate ich Sie pers\u00f6nlich und individuell zu m\u00f6glichen Behandlungsans\u00e4tzen und beantworte Ihre Fragen umfassend und kompetent. Folgende fach\u00e4rztlichen Leistungen biete ich in der AirportClinic...","og_url":"https:\/\/airport-clinic.de\/zahnheilkunde\/","og_site_name":"AirportClinic Freising","twitter_card":"summary_large_image","twitter_misc":{"Est. reading time":"2 minutes"},"schema":{"@context":"https:\/\/schema.org","@graph":[{"@type":"WebPage","@id":"https:\/\/airport-clinic.de\/zahnheilkunde\/","url":"https:\/\/airport-clinic.de\/zahnheilkunde\/","name":"Zahnheilkunde - AirportClinic Freising","isPartOf":{"@id":"https:\/\/airport-clinic.de\/en\/#website"},"datePublished":"2018-10-25T11:43:14+00:00","dateModified":"2018-10-25T11:43:14+00:00","breadcrumb":{"@id":"https:\/\/airport-clinic.de\/zahnheilkunde\/#breadcrumb"},"inLanguage":"en-US","potentialAction":[{"@type":"ReadAction","target":["https:\/\/airport-clinic.de\/zahnheilkunde\/"]}]},{"@type":"BreadcrumbList","@id":"https:\/\/airport-clinic.de\/zahnheilkunde\/#breadcrumb","itemListElement":[{"@type":"ListItem","position":1,"name":"Home","item":"https:\/\/airport-clinic.de\/"},{"@type":"ListItem","position":2,"name":"Zahnheilkunde"}]},{"@type":"WebSite","@id":"https:\/\/airport-clinic.de\/en\/#website","url":"https:\/\/airport-clinic.de\/en\/","name":"AirportClinic Freising","description":"Zentrum f\u00fcr Zahn-, Mund-, Kieferheilkunde und \u00e4sthetische Chirurgie MVZ GmbH","potentialAction":[{"@type":"SearchAction","target":{"@type":"EntryPoint","urlTemplate":"https:\/\/airport-clinic.de\/en\/?s={search_term_string}"},"query-input":"required name=search_term_string"}],"inLanguage":"en-US"}]}},"_links":{"self":[{"href":"https:\/\/airport-clinic.de\/en\/wp-json\/wp\/v2\/pages\/4409"}],"collection":[{"href":"https:\/\/airport-clinic.de\/en\/wp-json\/wp\/v2\/pages"}],"about":[{"href":"https:\/\/airport-clinic.de\/en\/wp-json\/wp\/v2\/types\/page"}],"author":[{"embeddable":true,"href":"https:\/\/airport-clinic.de\/en\/wp-json\/wp\/v2\/users\/1"}],"replies":[{"embeddable":true,"href":"https:\/\/airport-clinic.de\/en\/wp-json\/wp\/v2\/comments?post=4409"}],"version-history":[{"count":1,"href":"https:\/\/airport-clinic.de\/en\/wp-json\/wp\/v2\/pages\/4409\/revisions"}],"predecessor-version":[{"id":4410,"href":"https:\/\/airport-clinic.de\/en\/wp-json\/wp\/v2\/pages\/4409\/revisions\/4410"}],"wp:attachment":[{"href":"https:\/\/airport-clinic.de\/en\/wp-json\/wp\/v2\/media?parent=4409"}],"curies":[{"name":"wp","href":"https:\/\/api.w.org\/{rel}","templated":true}]}}