{"id":4411,"date":"2018-10-25T13:43:30","date_gmt":"2018-10-25T11:43:30","guid":{"rendered":"http:\/\/staging.airport-clinic.de\/?page_id=4411"},"modified":"2018-10-25T15:00:52","modified_gmt":"2018-10-25T13:00:52","slug":"implantologie","status":"publish","type":"page","link":"https:\/\/airport-clinic.de\/en\/implantologie\/","title":{"rendered":"Implantologie"},"content":{"rendered":"<style type=\"text\/css\"> \n#cmsms_icon_69f528725d5c99_44680189 { \n\tdisplay:block; \n\ttext-align:center; } \n\n#cmsms_icon_69f528725d5c99_44680189 .cmsms_simple_icon { \n\tborder-width:0px; \n\twidth:400px; \n\theight:400px; \n\tfont-size:120px; \n\tline-height:400px; \n\ttext-align:center; \n\t-webkit-border-radius:50%; \n\tborder-radius:50%; } \n \n#cmsms_heading_69f528725d9853_77426123 { \n\ttext-align:left; \n\tmargin-top:0px; \n\tmargin-bottom:20px; \n} \n\n#cmsms_heading_69f528725d9853_77426123 .cmsms_heading { \n\ttext-align:left; \n} \n\n#cmsms_heading_69f528725d9853_77426123 .cmsms_heading, #cmsms_heading_69f528725d9853_77426123 .cmsms_heading a { \n\tfont-weight:normal; \n\tfont-style:normal; \n} \n\n#cmsms_heading_69f528725d9853_77426123 .cmsms_heading_divider { \n} \n\n \n\n#cmsms_fb_69f528725d9d37_05106720 { \n\tpadding-top:0px; \n\tpadding-bottom:0px; \n} \n\n#cmsms_fb_69f528725d9d37_05106720 .featured_block_inner { \n\twidth: 100%; \n\tpadding: ; \n\ttext-align: left; \n\tmargin:0 auto; \n} \n\n#cmsms_fb_69f528725d9d37_05106720 .featured_block_text { \n\ttext-align: left; \n} \n\n<\/style><div id=\"cmsms_row_69f528725d1c01_16102597\" class=\"cmsms_row cmsms_color_scheme_default\">\n<div class=\"cmsms_row_outer_parent\">\n<div class=\"cmsms_row_outer\">\n<div class=\"cmsms_row_inner\">\n<div class=\"cmsms_row_margin\">\n<div class=\"cmsms_column one_third\">\n\n<div id=\"cmsms_icon_69f528725d5c99_44680189\" class=\"cmsms_icon_wrap\"><span class=\"cmsms_simple_icon cmsms-icon-custom-pin-tooth\"><\/span><\/div>\n<\/div>\n<div class=\"cmsms_column two_third\">\n\n<div id=\"cmsms_heading_69f528725d9853_77426123\" class=\"cmsms_heading_wrap cmsms_heading_align_left\">\n\t<h1 class=\"cmsms_heading\">Implantologie \/ Implantate<\/h1>\n<\/div><div id=\"cmsms_fb_69f528725d9d37_05106720\" class=\"cmsms_featured_block\">\n<div class=\"featured_block_inner\">\n<div class=\"featured_block_text\">\n<p>Die Implantologie bezeichnet einen Teilbereich der Zahnheilkunde. Zahnimplantate k\u00f6nnen auch als \u201ek\u00fcnstliche Wurzel\u201c bezeichnet werden. Sie werden anstelle von fehlenden Z\u00e4hnen im Kiefer in den Knochen eingesetzt. Innerhalb von 3 bis 6 Monaten kann sich ein Zahnimplantat mit dem ihm umgebenden Knochen zu einer festen und sehr belastungsf\u00e4higen Tr\u00e4gereinheit verbinden. Ein Implantat kann die selben Aufgaben \u00fcbernehmen, die einst der \u201eechte\u201c Zahn \u00fcbernommen hat. Implantate sind medizinisch anerkannt und wissenschaftlich erforscht. Durch zahlreiche wissenschaftliche Langzeitstudien konnte festgestellt werden, dass die Implantologie zu den erfolgreichsten Therapien der Medizin gez\u00e4hlt werden kann.<\/p>\n<p>Implantate sind in der Regel aus Titan. Zirkonoxid- Implantate sind metallfrei und werden von uns in der AirportClinic mit sehr gro\u00dfem Erfolg angewendet. Dr. Jauch hat Erfahrung seit \u00fcber 20 Jahren mit Keramikimplantaten.(<a href=\"http:\/\/www.airport-clinic.de\/implantate-haufige-fragen-und-antworten\/\">siehe unsere Artikel dazu<\/a>)<\/p>\n<\/div>\n<\/div>\n<\/div>\n<\/div>\n<\/div>\n<\/div>\n<\/div>\n<\/div>\n<\/div>\n\n","protected":false},"excerpt":{"rendered":"","protected":false},"author":1,"featured_media":0,"parent":0,"menu_order":0,"comment_status":"closed","ping_status":"closed","template":"","meta":[],"yoast_head":"<!-- This site is optimized with the Yoast SEO plugin v20.5 - https:\/\/yoast.com\/wordpress\/plugins\/seo\/ -->\n<title>Implantologie - AirportClinic Freising<\/title>\n<meta name=\"robots\" content=\"index, follow, max-snippet:-1, max-image-preview:large, max-video-preview:-1\" \/>\n<link rel=\"canonical\" href=\"https:\/\/airport-clinic.de\/implantologie\/\" \/>\n<meta property=\"og:locale\" content=\"en_US\" \/>\n<meta property=\"og:type\" content=\"article\" \/>\n<meta property=\"og:title\" content=\"Implantologie - AirportClinic Freising\" \/>\n<meta property=\"og:url\" content=\"https:\/\/airport-clinic.de\/implantologie\/\" \/>\n<meta property=\"og:site_name\" content=\"AirportClinic Freising\" \/>\n<meta property=\"article:modified_time\" content=\"2018-10-25T13:00:52+00:00\" \/>\n<meta name=\"twitter:card\" content=\"summary_large_image\" \/>\n<meta name=\"twitter:label1\" content=\"Est. reading time\" \/>\n\t<meta name=\"twitter:data1\" content=\"1 minute\" \/>\n<script type=\"application\/ld+json\" class=\"yoast-schema-graph\">{\"@context\":\"https:\/\/schema.org\",\"@graph\":[{\"@type\":\"WebPage\",\"@id\":\"https:\/\/airport-clinic.de\/implantologie\/\",\"url\":\"https:\/\/airport-clinic.de\/implantologie\/\",\"name\":\"Implantologie - AirportClinic Freising\",\"isPartOf\":{\"@id\":\"https:\/\/airport-clinic.de\/en\/#website\"},\"datePublished\":\"2018-10-25T11:43:30+00:00\",\"dateModified\":\"2018-10-25T13:00:52+00:00\",\"breadcrumb\":{\"@id\":\"https:\/\/airport-clinic.de\/implantologie\/#breadcrumb\"},\"inLanguage\":\"en-US\",\"potentialAction\":[{\"@type\":\"ReadAction\",\"target\":[\"https:\/\/airport-clinic.de\/implantologie\/\"]}]},{\"@type\":\"BreadcrumbList\",\"@id\":\"https:\/\/airport-clinic.de\/implantologie\/#breadcrumb\",\"itemListElement\":[{\"@type\":\"ListItem\",\"position\":1,\"name\":\"Home\",\"item\":\"https:\/\/airport-clinic.de\/\"},{\"@type\":\"ListItem\",\"position\":2,\"name\":\"Implantologie\"}]},{\"@type\":\"WebSite\",\"@id\":\"https:\/\/airport-clinic.de\/en\/#website\",\"url\":\"https:\/\/airport-clinic.de\/en\/\",\"name\":\"AirportClinic Freising\",\"description\":\"Zentrum f\u00fcr Zahn-, Mund-, Kieferheilkunde und \u00e4sthetische Chirurgie MVZ GmbH\",\"potentialAction\":[{\"@type\":\"SearchAction\",\"target\":{\"@type\":\"EntryPoint\",\"urlTemplate\":\"https:\/\/airport-clinic.de\/en\/?s={search_term_string}\"},\"query-input\":\"required name=search_term_string\"}],\"inLanguage\":\"en-US\"}]}<\/script>\n<!-- \/ Yoast SEO plugin. -->","yoast_head_json":{"title":"Implantologie - AirportClinic Freising","robots":{"index":"index","follow":"follow","max-snippet":"max-snippet:-1","max-image-preview":"max-image-preview:large","max-video-preview":"max-video-preview:-1"},"canonical":"https:\/\/airport-clinic.de\/implantologie\/","og_locale":"en_US","og_type":"article","og_title":"Implantologie - AirportClinic Freising","og_url":"https:\/\/airport-clinic.de\/implantologie\/","og_site_name":"AirportClinic Freising","article_modified_time":"2018-10-25T13:00:52+00:00","twitter_card":"summary_large_image","twitter_misc":{"Est. reading time":"1 minute"},"schema":{"@context":"https:\/\/schema.org","@graph":[{"@type":"WebPage","@id":"https:\/\/airport-clinic.de\/implantologie\/","url":"https:\/\/airport-clinic.de\/implantologie\/","name":"Implantologie - AirportClinic Freising","isPartOf":{"@id":"https:\/\/airport-clinic.de\/en\/#website"},"datePublished":"2018-10-25T11:43:30+00:00","dateModified":"2018-10-25T13:00:52+00:00","breadcrumb":{"@id":"https:\/\/airport-clinic.de\/implantologie\/#breadcrumb"},"inLanguage":"en-US","potentialAction":[{"@type":"ReadAction","target":["https:\/\/airport-clinic.de\/implantologie\/"]}]},{"@type":"BreadcrumbList","@id":"https:\/\/airport-clinic.de\/implantologie\/#breadcrumb","itemListElement":[{"@type":"ListItem","position":1,"name":"Home","item":"https:\/\/airport-clinic.de\/"},{"@type":"ListItem","position":2,"name":"Implantologie"}]},{"@type":"WebSite","@id":"https:\/\/airport-clinic.de\/en\/#website","url":"https:\/\/airport-clinic.de\/en\/","name":"AirportClinic Freising","description":"Zentrum f\u00fcr Zahn-, Mund-, Kieferheilkunde und \u00e4sthetische Chirurgie MVZ GmbH","potentialAction":[{"@type":"SearchAction","target":{"@type":"EntryPoint","urlTemplate":"https:\/\/airport-clinic.de\/en\/?s={search_term_string}"},"query-input":"required name=search_term_string"}],"inLanguage":"en-US"}]}},"_links":{"self":[{"href":"https:\/\/airport-clinic.de\/en\/wp-json\/wp\/v2\/pages\/4411"}],"collection":[{"href":"https:\/\/airport-clinic.de\/en\/wp-json\/wp\/v2\/pages"}],"about":[{"href":"https:\/\/airport-clinic.de\/en\/wp-json\/wp\/v2\/types\/page"}],"author":[{"embeddable":true,"href":"https:\/\/airport-clinic.de\/en\/wp-json\/wp\/v2\/users\/1"}],"replies":[{"embeddable":true,"href":"https:\/\/airport-clinic.de\/en\/wp-json\/wp\/v2\/comments?post=4411"}],"version-history":[{"count":7,"href":"https:\/\/airport-clinic.de\/en\/wp-json\/wp\/v2\/pages\/4411\/revisions"}],"predecessor-version":[{"id":4460,"href":"https:\/\/airport-clinic.de\/en\/wp-json\/wp\/v2\/pages\/4411\/revisions\/4460"}],"wp:attachment":[{"href":"https:\/\/airport-clinic.de\/en\/wp-json\/wp\/v2\/media?parent=4411"}],"curies":[{"name":"wp","href":"https:\/\/api.w.org\/{rel}","templated":true}]}}