{"id":4413,"date":"2018-10-25T13:43:47","date_gmt":"2018-10-25T11:43:47","guid":{"rendered":"http:\/\/staging.airport-clinic.de\/?page_id=4413"},"modified":"2018-10-25T13:43:47","modified_gmt":"2018-10-25T11:43:47","slug":"besonderheiten","status":"publish","type":"page","link":"https:\/\/airport-clinic.de\/en\/besonderheiten\/","title":{"rendered":"Besonderheiten"},"content":{"rendered":"<style type=\"text\/css\"><\/style><h3><strong>Angstpatienten:\u00a0<\/strong><\/h3>\n<p>Das Konzept der Airportclinic bei Zahnarztangstpatienten besteht darin, dass wir zun\u00e4chst \u00fcber einen Telefon oder e-mail- Kontakt das Vertrauen der Patienten gewinnen. Wir sind stets bem\u00fcht unverz\u00fcglich auf Fragen zu antworten. Hat der Patient oder Kunde den Schritt gewagt und einen Termin vereinbart, dann kommt es zun\u00e4chst zu einen Gespr\u00e4ch mit Dr. Jauch oder Dr. Schreyer in deren B\u00fcros. Viele Patienten sind der Meinung, dass die Behandlung eine Menge Geld kostet. Dies ist nicht der Fall, da wir sowohl die kassen\u00e4rztliche als auch die kassenzahn\u00e4rztliche Zulassung besitzen. Soweit es uns m\u00f6glich ist, versuchen wir die Kosten so gering wie m\u00f6glich zu halten. In den weiteren Sitzungen, im Sinne einer Gespr\u00e4chstherapie, wird der weitere Weg festgelegt. Schnell \u00e4ndert sich das Verhalten des Angstpatienten, der dann Vertrauen versp\u00fcrt. Erst im letzten Schritt wird die Therapie der Zahnarztangstpatienten eingeleitet. Die Eingriffe werden in Vollnarkose, Lachgas-Sedierung, Analog- Sedierung mit Dormicum erreicht.<\/p>\n<p>Falls Sie Fragen haben scheuen Sie sich nicht uns zu kontaktieren. Ihr Dr. Andreas Jauch<\/p>\n<h3><strong>Sanierungen in Narkose:\u00a0<\/strong><\/h3>\n<p>Wird durch unsere langj\u00e4hrige freie Mitarbeiterin und Partnerin Frau Dr. Mirlach durchgef\u00fchrt.<\/p>\n<h3><strong>Lachgas- Sedierungen:<\/strong><\/h3>\n<p>Stickoxydul ( Stickstoff- Sauerstoff- Mischung ) zur sicheren\u00a0Sedierung (allgemeine Angstreduktion also auch bei sogenannten Zahnarztangstpatienten) bei allen chirurgischen Eingriffen im Kopf- Hals- Bereich.<\/p>\n<h3><strong>DVT ( Digitale-Volumen-Tomographie):<\/strong><\/h3>\n<p>Die AirportClinic Freisingbesitzt ein R\u00f6ntgenger\u00e4t der Firma KaVo ( 3D exam ). DVT ist ein hochaufl\u00f6sendes strahlenarmes Verfahren zur 3D-Darstellung der Sch\u00e4delknochen; Implantatplanungen; Verletzungsdiagnostik; 3D- Darstellung von Ver\u00e4nderungen im Ober- Unterkiefer und des Sch\u00e4delknochens. 20-fach geringere Stahlenbelastung \u00a0als beim \u00fcblichen CT.<\/p>\n<h3><strong>Zirkonimplantate:<\/strong><\/h3>\n<p>Implantate aus Zirkonoxydkeramik der Firma Dentalpoint. F\u00fcr ausf\u00fchrliche Informationen rufen sie bitte die Seite der Firma auf.\u00a0<a href=\"http:\/\/www.dentalpoint-implants.com\/\" target=\"_blank\" rel=\"noopener\">www.dentalpoint-implants.com<\/a><\/p>\n<h3><strong>Radiofrequenzchirurgie:<\/strong><\/h3>\n<p>Schnarchbehandlungen; Entfernung von gutartigen Hautver\u00e4nderungen; Nasenatmungsverbesserung durch Muschelverkleinerung; Faltengl\u00e4ttungen; nicht invasive weitere Oberfl\u00e4chenbehandlungen der Haut. Fragen Sie hierzu unsere Mitarbeiter bzw. sprechen Sie direkt mit Dr. Jauch Facharzt f\u00fcr MKG- Chirurgie.<\/p>\n<p><strong>AirportClinic Freising Dr. Andreas Jauch,\u00a0Ihre Zahnarztpraxis in Freising<\/strong><\/p>\n<p><em>Patienten f\u00fcr Behandlungen bei Zahnarzt Dr. Andreas Jauch in der AirportClinic Freising kommen unter anderem aus Freising, Moosburg, Neufahrn, Eching, Erding, Landshut, Dachau, Karlsfeld, Garching, Pfaffenhofen und M\u00fcnchen.<\/em><\/p>\n","protected":false},"excerpt":{"rendered":"<p>Angstpatienten:\u00a0 Das Konzept der Airportclinic bei Zahnarztangstpatienten besteht darin, dass wir zun\u00e4chst \u00fcber einen Telefon oder e-mail- Kontakt das Vertrauen der Patienten gewinnen. Wir sind stets bem\u00fcht unverz\u00fcglich auf Fragen zu antworten. Hat der Patient oder Kunde den Schritt gewagt und einen Termin vereinbart, dann kommt es zun\u00e4chst zu einen Gespr\u00e4ch mit Dr. Jauch oder&#8230;<\/p>\n","protected":false},"author":1,"featured_media":0,"parent":0,"menu_order":0,"comment_status":"closed","ping_status":"closed","template":"","meta":[],"yoast_head":"<!-- This site is optimized with the Yoast SEO plugin v20.5 - https:\/\/yoast.com\/wordpress\/plugins\/seo\/ -->\n<title>Besonderheiten - AirportClinic Freising<\/title>\n<meta name=\"robots\" content=\"index, follow, max-snippet:-1, max-image-preview:large, max-video-preview:-1\" \/>\n<link rel=\"canonical\" href=\"https:\/\/airport-clinic.de\/besonderheiten\/\" \/>\n<meta property=\"og:locale\" content=\"en_US\" \/>\n<meta property=\"og:type\" content=\"article\" \/>\n<meta property=\"og:title\" content=\"Besonderheiten - AirportClinic Freising\" \/>\n<meta property=\"og:description\" content=\"Angstpatienten:\u00a0 Das Konzept der Airportclinic bei Zahnarztangstpatienten besteht darin, dass wir zun\u00e4chst \u00fcber einen Telefon oder e-mail- Kontakt das Vertrauen der Patienten gewinnen. Wir sind stets bem\u00fcht unverz\u00fcglich auf Fragen zu antworten. Hat der Patient oder Kunde den Schritt gewagt und einen Termin vereinbart, dann kommt es zun\u00e4chst zu einen Gespr\u00e4ch mit Dr. Jauch oder...\" \/>\n<meta property=\"og:url\" content=\"https:\/\/airport-clinic.de\/besonderheiten\/\" \/>\n<meta property=\"og:site_name\" content=\"AirportClinic Freising\" \/>\n<meta name=\"twitter:card\" content=\"summary_large_image\" \/>\n<meta name=\"twitter:label1\" content=\"Est. reading time\" \/>\n\t<meta name=\"twitter:data1\" content=\"2 minutes\" \/>\n<script type=\"application\/ld+json\" class=\"yoast-schema-graph\">{\"@context\":\"https:\/\/schema.org\",\"@graph\":[{\"@type\":\"WebPage\",\"@id\":\"https:\/\/airport-clinic.de\/besonderheiten\/\",\"url\":\"https:\/\/airport-clinic.de\/besonderheiten\/\",\"name\":\"Besonderheiten - AirportClinic Freising\",\"isPartOf\":{\"@id\":\"https:\/\/airport-clinic.de\/en\/#website\"},\"datePublished\":\"2018-10-25T11:43:47+00:00\",\"dateModified\":\"2018-10-25T11:43:47+00:00\",\"breadcrumb\":{\"@id\":\"https:\/\/airport-clinic.de\/besonderheiten\/#breadcrumb\"},\"inLanguage\":\"en-US\",\"potentialAction\":[{\"@type\":\"ReadAction\",\"target\":[\"https:\/\/airport-clinic.de\/besonderheiten\/\"]}]},{\"@type\":\"BreadcrumbList\",\"@id\":\"https:\/\/airport-clinic.de\/besonderheiten\/#breadcrumb\",\"itemListElement\":[{\"@type\":\"ListItem\",\"position\":1,\"name\":\"Home\",\"item\":\"https:\/\/airport-clinic.de\/\"},{\"@type\":\"ListItem\",\"position\":2,\"name\":\"Besonderheiten\"}]},{\"@type\":\"WebSite\",\"@id\":\"https:\/\/airport-clinic.de\/en\/#website\",\"url\":\"https:\/\/airport-clinic.de\/en\/\",\"name\":\"AirportClinic Freising\",\"description\":\"Zentrum f\u00fcr Zahn-, Mund-, Kieferheilkunde und \u00e4sthetische Chirurgie MVZ GmbH\",\"potentialAction\":[{\"@type\":\"SearchAction\",\"target\":{\"@type\":\"EntryPoint\",\"urlTemplate\":\"https:\/\/airport-clinic.de\/en\/?s={search_term_string}\"},\"query-input\":\"required name=search_term_string\"}],\"inLanguage\":\"en-US\"}]}<\/script>\n<!-- \/ Yoast SEO plugin. -->","yoast_head_json":{"title":"Besonderheiten - AirportClinic Freising","robots":{"index":"index","follow":"follow","max-snippet":"max-snippet:-1","max-image-preview":"max-image-preview:large","max-video-preview":"max-video-preview:-1"},"canonical":"https:\/\/airport-clinic.de\/besonderheiten\/","og_locale":"en_US","og_type":"article","og_title":"Besonderheiten - AirportClinic Freising","og_description":"Angstpatienten:\u00a0 Das Konzept der Airportclinic bei Zahnarztangstpatienten besteht darin, dass wir zun\u00e4chst \u00fcber einen Telefon oder e-mail- Kontakt das Vertrauen der Patienten gewinnen. Wir sind stets bem\u00fcht unverz\u00fcglich auf Fragen zu antworten. Hat der Patient oder Kunde den Schritt gewagt und einen Termin vereinbart, dann kommt es zun\u00e4chst zu einen Gespr\u00e4ch mit Dr. Jauch oder...","og_url":"https:\/\/airport-clinic.de\/besonderheiten\/","og_site_name":"AirportClinic Freising","twitter_card":"summary_large_image","twitter_misc":{"Est. reading time":"2 minutes"},"schema":{"@context":"https:\/\/schema.org","@graph":[{"@type":"WebPage","@id":"https:\/\/airport-clinic.de\/besonderheiten\/","url":"https:\/\/airport-clinic.de\/besonderheiten\/","name":"Besonderheiten - AirportClinic Freising","isPartOf":{"@id":"https:\/\/airport-clinic.de\/en\/#website"},"datePublished":"2018-10-25T11:43:47+00:00","dateModified":"2018-10-25T11:43:47+00:00","breadcrumb":{"@id":"https:\/\/airport-clinic.de\/besonderheiten\/#breadcrumb"},"inLanguage":"en-US","potentialAction":[{"@type":"ReadAction","target":["https:\/\/airport-clinic.de\/besonderheiten\/"]}]},{"@type":"BreadcrumbList","@id":"https:\/\/airport-clinic.de\/besonderheiten\/#breadcrumb","itemListElement":[{"@type":"ListItem","position":1,"name":"Home","item":"https:\/\/airport-clinic.de\/"},{"@type":"ListItem","position":2,"name":"Besonderheiten"}]},{"@type":"WebSite","@id":"https:\/\/airport-clinic.de\/en\/#website","url":"https:\/\/airport-clinic.de\/en\/","name":"AirportClinic Freising","description":"Zentrum f\u00fcr Zahn-, Mund-, Kieferheilkunde und \u00e4sthetische Chirurgie MVZ GmbH","potentialAction":[{"@type":"SearchAction","target":{"@type":"EntryPoint","urlTemplate":"https:\/\/airport-clinic.de\/en\/?s={search_term_string}"},"query-input":"required name=search_term_string"}],"inLanguage":"en-US"}]}},"_links":{"self":[{"href":"https:\/\/airport-clinic.de\/en\/wp-json\/wp\/v2\/pages\/4413"}],"collection":[{"href":"https:\/\/airport-clinic.de\/en\/wp-json\/wp\/v2\/pages"}],"about":[{"href":"https:\/\/airport-clinic.de\/en\/wp-json\/wp\/v2\/types\/page"}],"author":[{"embeddable":true,"href":"https:\/\/airport-clinic.de\/en\/wp-json\/wp\/v2\/users\/1"}],"replies":[{"embeddable":true,"href":"https:\/\/airport-clinic.de\/en\/wp-json\/wp\/v2\/comments?post=4413"}],"version-history":[{"count":1,"href":"https:\/\/airport-clinic.de\/en\/wp-json\/wp\/v2\/pages\/4413\/revisions"}],"predecessor-version":[{"id":4414,"href":"https:\/\/airport-clinic.de\/en\/wp-json\/wp\/v2\/pages\/4413\/revisions\/4414"}],"wp:attachment":[{"href":"https:\/\/airport-clinic.de\/en\/wp-json\/wp\/v2\/media?parent=4413"}],"curies":[{"name":"wp","href":"https:\/\/api.w.org\/{rel}","templated":true}]}}