{"id":4570,"date":"2019-01-18T15:11:06","date_gmt":"2019-01-18T14:11:06","guid":{"rendered":"http:\/\/staging.airport-clinic.de\/?page_id=4570"},"modified":"2019-03-25T12:32:05","modified_gmt":"2019-03-25T11:32:05","slug":"angstpatienten","status":"publish","type":"page","link":"https:\/\/airport-clinic.de\/en\/angstpatienten\/","title":{"rendered":"Angstpatienten"},"content":{"rendered":"<style type=\"text\/css\"> \n#cmsms_row_69f5bd347728a3_19344570 .cmsms_row_outer_parent { \n\tpadding-top: 0px; \n} \n\n#cmsms_row_69f5bd347728a3_19344570 .cmsms_row_outer_parent { \n\tpadding-bottom: 50px; \n} \n\n \n\n#cmsms_fb_69f5bd34776a63_43655235 { \n\tpadding-top:0px; \n\tpadding-bottom:0px; \n\tbackground-color:#959595;\n} \n\n#cmsms_fb_69f5bd34776a63_43655235 .featured_block_inner { \n\twidth: 88%; \n\tpadding: ; \n\ttext-align: left; \n\tfloat:left; \n} \n\n#cmsms_fb_69f5bd34776a63_43655235 .featured_block_text { \n\ttext-align: left; \n} \n\n \n#cmsms_row_69f5bd34789fb5_52038248 .cmsms_row_outer_parent { \n\tpadding-top: 0px; \n} \n\n#cmsms_row_69f5bd34789fb5_52038248 .cmsms_row_outer_parent { \n\tpadding-bottom: 50px; \n} \n\n \n#cmsms_row_69f5bd34792a60_12863869 .cmsms_row_outer_parent { \n\tpadding-top: 0px; \n} \n\n#cmsms_row_69f5bd34792a60_12863869 .cmsms_row_outer_parent { \n\tpadding-bottom: 50px; \n} \n\n \n\n#cmsms_fb_69f5bd34793f95_34638523 { \n\tpadding-top:0px; \n\tpadding-bottom:0px; \n\tbackground-color:#959595;\n} \n\n#cmsms_fb_69f5bd34793f95_34638523 .featured_block_inner { \n\twidth: 88%; \n\tpadding: ; \n\ttext-align: left; \n\tfloat:left; \n} \n\n#cmsms_fb_69f5bd34793f95_34638523 .featured_block_text { \n\ttext-align: left; \n} \n\n \n#cmsms_row_69f5bd34794930_80043888 .cmsms_row_outer_parent { \n\tpadding-top: 0px; \n} \n\n#cmsms_row_69f5bd34794930_80043888 .cmsms_row_outer_parent { \n\tpadding-bottom: 50px; \n} \n\n \n#cmsms_row_69f5bd34795b21_45314904 .cmsms_row_outer_parent { \n\tpadding-top: 0px; \n} \n\n#cmsms_row_69f5bd34795b21_45314904 .cmsms_row_outer_parent { \n\tpadding-bottom: 50px; \n} \n\n \n#cmsms_row_69f5bd34797f06_00703454 .cmsms_row_outer_parent { \n\tpadding-top: 0px; \n} \n\n#cmsms_row_69f5bd34797f06_00703454 .cmsms_row_outer_parent { \n\tpadding-bottom: 50px; \n} \n\n \n\n#cmsms_fb_69f5bd34798c36_60029292 { \n\tpadding-top:0px; \n\tpadding-bottom:0px; \n\tbackground-color:#959595;\n} \n\n#cmsms_fb_69f5bd34798c36_60029292 .featured_block_inner { \n\twidth: 88%; \n\tpadding: ; \n\ttext-align: left; \n\tfloat:left; \n} \n\n#cmsms_fb_69f5bd34798c36_60029292 .featured_block_text { \n\ttext-align: left; \n} \n\n \n#cmsms_row_69f5bd347993d6_91048301 .cmsms_row_outer_parent { \n\tpadding-top: 0px; \n} \n\n#cmsms_row_69f5bd347993d6_91048301 .cmsms_row_outer_parent { \n\tpadding-bottom: 50px; \n} \n\n<\/style><p><div id=\"cmsms_row_69f5bd34792a60_12863869\" class=\"cmsms_row cmsms_color_scheme_default\">\n<div class=\"cmsms_row_outer_parent\">\n<div class=\"cmsms_row_outer\">\n<div class=\"cmsms_row_inner\">\n<div class=\"cmsms_row_margin\">\n<div class=\"cmsms_column one_first\">\n<div id=\"cmsms_fb_69f5bd34793f95_34638523\" class=\"cmsms_featured_block\">\n<div class=\"featured_block_inner\">\n<div class=\"featured_block_text\">\n<h1><span style=\"color: #ffffff;\"><strong>Angst vor dem Zahnarzt<\/strong><\/span><\/h1>\n<p><span style=\"color: #ffffff;\">Die Ursachen von der Angst vor dem Zahnarzt &#8211; auch Dentalphobie genannt &#8211; sind nicht immer eindeutig herzuleiten. Meistens ist die Zahnarztangst jedoch auf traumatischen Erlebnisse aus der Kindheit zur\u00fcckzuf\u00fchren. Die Airport-Clinic ist speziell darauf ausgelegt diese \u00c4ngste zu bek\u00e4mpfen.<\/span><\/p>\n<\/div>\n<\/div>\n<\/div>\n<\/div>\n<\/div>\n<\/div>\n<\/div>\n<\/div>\n<\/div>\n<div id=\"cmsms_row_69f5bd34794930_80043888\" class=\"cmsms_row cmsms_color_scheme_default\">\n<div class=\"cmsms_row_outer_parent\">\n<div class=\"cmsms_row_outer\">\n<div class=\"cmsms_row_inner\">\n<div class=\"cmsms_row_margin\">\n<div class=\"cmsms_column one_first\">\n<div class=\"cmsms_text\">\n<div id=\"ez-toc-container\" class=\"ez-toc-v2_0_80 ez-toc-wrap-right counter-hierarchy ez-toc-counter ez-toc-grey ez-toc-container-direction\">\n<p class=\"ez-toc-title\" style=\"cursor:inherit\">Inhalt<\/p>\n<label for=\"ez-toc-cssicon-toggle-item-69f5bd3480b44\" class=\"ez-toc-cssicon-toggle-label\"><span class=\"\"><span class=\"eztoc-hide\" style=\"display:none;\">Toggle<\/span><span class=\"ez-toc-icon-toggle-span\"><svg style=\"fill: #999;color:#999\" xmlns=\"http:\/\/www.w3.org\/2000\/svg\" class=\"list-377408\" width=\"20px\" height=\"20px\" viewBox=\"0 0 24 24\" fill=\"none\"><path d=\"M6 6H4v2h2V6zm14 0H8v2h12V6zM4 11h2v2H4v-2zm16 0H8v2h12v-2zM4 16h2v2H4v-2zm16 0H8v2h12v-2z\" fill=\"currentColor\"><\/path><\/svg><svg style=\"fill: #999;color:#999\" class=\"arrow-unsorted-368013\" xmlns=\"http:\/\/www.w3.org\/2000\/svg\" width=\"10px\" height=\"10px\" viewBox=\"0 0 24 24\" version=\"1.2\" baseProfile=\"tiny\"><path d=\"M18.2 9.3l-6.2-6.3-6.2 6.3c-.2.2-.3.4-.3.7s.1.5.3.7c.2.2.4.3.7.3h11c.3 0 .5-.1.7-.3.2-.2.3-.5.3-.7s-.1-.5-.3-.7zM5.8 14.7l6.2 6.3 6.2-6.3c.2-.2.3-.5.3-.7s-.1-.5-.3-.7c-.2-.2-.4-.3-.7-.3h-11c-.3 0-.5.1-.7.3-.2.2-.3.5-.3.7s.1.5.3.7z\"\/><\/svg><\/span><\/span><\/label><input type=\"checkbox\"  id=\"ez-toc-cssicon-toggle-item-69f5bd3480b44\"  aria-label=\"Toggle\" \/><nav><ul class='ez-toc-list ez-toc-list-level-1 ' ><li class='ez-toc-page-1 ez-toc-heading-level-3'><a class=\"ez-toc-link ez-toc-heading-1\" href=\"https:\/\/airport-clinic.de\/en\/angstpatienten\/#Angstpatienten\" >Angstpatienten<\/a><\/li><li class='ez-toc-page-1 ez-toc-heading-level-3'><a class=\"ez-toc-link ez-toc-heading-2\" href=\"https:\/\/airport-clinic.de\/en\/angstpatienten\/#Angstpatienten_und_Sanierungen_in_Narkose_und_Sedierung_mit_Lachgas\" >Angstpatienten und Sanierungen in Narkose und\u00a0Sedierung mit Lachgas<\/a><\/li><li class='ez-toc-page-1 ez-toc-heading-level-3'><a class=\"ez-toc-link ez-toc-heading-3\" href=\"https:\/\/airport-clinic.de\/en\/angstpatienten\/#Sanierungen_in_Narkose\" >Sanierungen in Narkose<\/a><\/li><li class='ez-toc-page-1 ez-toc-heading-level-3'><a class=\"ez-toc-link ez-toc-heading-4\" href=\"https:\/\/airport-clinic.de\/en\/angstpatienten\/#Sedierung_mit_Lachgas\" >Sedierung mit Lachgas<\/a><\/li><\/ul><\/nav><\/div>\n<h3><span class=\"ez-toc-section\" id=\"Angstpatienten\"><\/span><strong>Angstpatienten<\/strong><span class=\"ez-toc-section-end\"><\/span><\/h3>\n<p>Das Konzept der Airportclinic bei Zahnarztangstpatienten besteht darin, dass wir zun\u00e4chst \u00fcber einen Telefon oder E-mail Kontakt das Vertrauen der Patienten gewinnen. Wir sind stets bem\u00fcht unverz\u00fcglich auf Fragen zu antworten. Hat der Patient oder Kunde den Schritt gewagt und einen Termin vereinbart, dann kommt es zun\u00e4chst zu einen Gespr\u00e4ch mit Dr. Jauch oder Dr. Schreyer in deren B\u00fcros. Viele Patienten sind der Meinung, dass die Behandlung eine Menge Geld kostet. Dies ist nicht der Fall, da wir sowohl die kassen\u00e4rztliche als auch die kassenzahn\u00e4rztliche Zulassung besitzen. Soweit es uns m\u00f6glich ist, versuchen wir die Kosten so gering wie m\u00f6glich zu halten. In den weiteren Sitzungen, im Sinne einer Gespr\u00e4chstherapie, wird der weitere Weg festgelegt. Schnell \u00e4ndert sich das Verhalten des Angstpatienten, der dann Vertrauen versp\u00fcrt. Erst im letzten Schritt wird die Therapie der Zahnarztangstpatienten eingeleitet. Die Eingriffe werden in Vollnarkose, Lachgas-Sedierung, Analog- Sedierung mit Dormicum erreicht.<\/p>\n<\/div>\n<\/div>\n<\/div>\n<\/div>\n<\/div>\n<\/div>\n<\/div>\n<div id=\"cmsms_row_69f5bd34795b21_45314904\" class=\"cmsms_row cmsms_color_scheme_default\">\n<div class=\"cmsms_row_outer_parent\">\n<div class=\"cmsms_row_outer\">\n<div class=\"cmsms_row_inner\">\n<div class=\"cmsms_row_margin\">\n<div class=\"cmsms_column one_first\">\n<div class=\"cmsms_text\">\n<div id=\"content\" class=\"sidebar-right twelve columns\">\n<article id=\"post-1724\" class=\"post-1724 page type-page status-publish hentry\">\n<div class=\"entry\">\n<h3><span class=\"ez-toc-section\" id=\"Angstpatienten_und_Sanierungen_in_Narkose_und_Sedierung_mit_Lachgas\"><\/span><strong>Angstpatienten und Sanierungen in Narkose und\u00a0Sedierung mit Lachgas<\/strong><span class=\"ez-toc-section-end\"><\/span><\/h3>\n<p>Zu unserem besonderen Bem\u00fchen z\u00e4hlt die Behandlung von sogenannten Zahnarztangstpatienten. Das Team der \u00a0AirportClinic Freising unter der Leitung von Dr. Andreas Jauch wird besonders geschult. Die Patienten werden nicht im Zahnarztstuhl, sondern in einem Besprechungszimmer empfangen. Beim Erstkontakt erfolgt i.d.R. keine Untersuchung sondern zun\u00e4chst ein Beratungsgespr\u00e4ch \u00fcber die W\u00fcnsche des Patienten.<\/p>\n<p>Falls es dann zur Behandlung in der AirportClinic Freising kommen sollte, k\u00f6nnen wir diese in intraven\u00f6ser Sedierung ( Propophol oder Dormicum) oder in Lachgassedierung oder in Vollnarkose anbieten. Wir machen F\u00fcllungen, Zahnersatz, Entfernung von Z\u00e4hnen und die gesamte Chirurgie bei Bedarf in Vollnarkose. Wir sind stets bem\u00fcht die Kosten f\u00fcr den Patienten so gering wie m\u00f6glich zu halten.<\/p>\n<\/div>\n<\/article>\n<div id=\"comments\"><\/div>\n<\/div>\n<div class=\"sidebar-on-right\">\n<div id=\"sidebar\" class=\"four columns\">\n<div id=\"mqtranslate-2\" class=\"widget widget_mqtranslate\"><\/div>\n<\/div>\n<\/div>\n<\/div>\n<div class=\"cmsms_text\">\n<h3><span class=\"ez-toc-section\" id=\"Sanierungen_in_Narkose\"><\/span><strong>Sanierungen in Narkose<\/strong><span class=\"ez-toc-section-end\"><\/span><\/h3>\n<p>Wird durch unsere langj\u00e4hrige freie Mitarbeiterin und Partnerin Frau Dr. Mirlach durchgef\u00fchrt.<\/p>\n<h3><strong>Behandlung in Vollnarkose durch Frau Dr. Mirlach<\/strong><\/h3>\n<p>Aufgrund langj\u00e4hriger Erfahrung in klinischer und ambulanter An\u00e4sthesie biete ich ein breites Spektrum der an\u00e4sthesiologischen Versorgung an. Ich betreue derzeit Operateure der Fachrichtungen Chirurgie, Urologie, Augenheilkunde, Zahnmedizin, Mund-, Kiefer-,Gesichtschirurgie. Die Durchf\u00fchrung der Narkosen erfolgt nach den neuesten Leitlinien der an\u00e4sthesiologischen Fachgesellschaften. Zur Anwendung kommen nur die am besten vertr\u00e4glichen Narkosemittel in einer individuellen Dosierung und in einem schonenden Verfahren. Das Vorgehen wird mit dem Operateur abgestimmt und den Patienten erkl\u00e4rt. Die Abrechnung der Leistungen bei Privatpatienten erfolgt nach der Geb\u00fchrenordnung f\u00fcr \u00c4rzte mit dem 3,5 fachen Steigerungssatz. Gesetzlich versicherte Patienten k\u00f6nnen \u00fcber Chipkarte abgerechnet werden, wenn die Art des Eingriffs dies zul\u00e4\u00dft.Stickoxydul ( Stickstoff- Sauerstoff- Mischung ) zur sicheren Sedierung (allgemeine Angstreduktion also auch bei sogenannten Zahnarztangstpatienten) bei allen chirurgischen Eingriffen im Kopf- Hals- Bereich.<\/p>\n<h3><span class=\"ez-toc-section\" id=\"Sedierung_mit_Lachgas\"><\/span><strong>Sedierung mit Lachgas<\/strong><span class=\"ez-toc-section-end\"><\/span><\/h3>\n<p><a href=\"https:\/\/airport-clinic.de\/wp-content\/uploads\/2019\/01\/Pr\u00e4sentation_Lachgas_Kunde_072013.pdf\">Pr\u00e4sentation Lachgas als PDF zum Download<\/a><br \/>\nFalls Sie Fragen zu den Folien haben rufen Sie uns bitte an!<\/p>\n<\/div>\n<\/div>\n<\/div>\n<\/div>\n<\/div>\n<\/div>\n<\/div>\n<\/p>","protected":false},"excerpt":{"rendered":"","protected":false},"author":1,"featured_media":0,"parent":0,"menu_order":0,"comment_status":"closed","ping_status":"closed","template":"","meta":[],"yoast_head":"<!-- This site is optimized with the Yoast SEO plugin v20.5 - https:\/\/yoast.com\/wordpress\/plugins\/seo\/ -->\n<title>Angstpatienten - AirportClinic Freising<\/title>\n<meta name=\"robots\" content=\"index, follow, max-snippet:-1, max-image-preview:large, max-video-preview:-1\" \/>\n<link rel=\"canonical\" href=\"https:\/\/airport-clinic.de\/angstpatienten\/\" \/>\n<meta property=\"og:locale\" content=\"en_US\" \/>\n<meta property=\"og:type\" content=\"article\" \/>\n<meta property=\"og:title\" content=\"Angstpatienten - AirportClinic Freising\" \/>\n<meta property=\"og:url\" content=\"https:\/\/airport-clinic.de\/angstpatienten\/\" \/>\n<meta property=\"og:site_name\" content=\"AirportClinic Freising\" \/>\n<meta property=\"article:modified_time\" content=\"2019-03-25T11:32:05+00:00\" \/>\n<meta name=\"twitter:card\" content=\"summary_large_image\" \/>\n<meta name=\"twitter:label1\" content=\"Est. reading time\" \/>\n\t<meta name=\"twitter:data1\" content=\"10 minutes\" \/>\n<script type=\"application\/ld+json\" class=\"yoast-schema-graph\">{\"@context\":\"https:\/\/schema.org\",\"@graph\":[{\"@type\":\"WebPage\",\"@id\":\"https:\/\/airport-clinic.de\/angstpatienten\/\",\"url\":\"https:\/\/airport-clinic.de\/angstpatienten\/\",\"name\":\"Angstpatienten - AirportClinic Freising\",\"isPartOf\":{\"@id\":\"https:\/\/airport-clinic.de\/en\/#website\"},\"datePublished\":\"2019-01-18T14:11:06+00:00\",\"dateModified\":\"2019-03-25T11:32:05+00:00\",\"breadcrumb\":{\"@id\":\"https:\/\/airport-clinic.de\/angstpatienten\/#breadcrumb\"},\"inLanguage\":\"en-US\",\"potentialAction\":[{\"@type\":\"ReadAction\",\"target\":[\"https:\/\/airport-clinic.de\/angstpatienten\/\"]}]},{\"@type\":\"BreadcrumbList\",\"@id\":\"https:\/\/airport-clinic.de\/angstpatienten\/#breadcrumb\",\"itemListElement\":[{\"@type\":\"ListItem\",\"position\":1,\"name\":\"Home\",\"item\":\"https:\/\/airport-clinic.de\/\"},{\"@type\":\"ListItem\",\"position\":2,\"name\":\"Angstpatienten\"}]},{\"@type\":\"WebSite\",\"@id\":\"https:\/\/airport-clinic.de\/en\/#website\",\"url\":\"https:\/\/airport-clinic.de\/en\/\",\"name\":\"AirportClinic Freising\",\"description\":\"Zentrum f\u00fcr Zahn-, Mund-, Kieferheilkunde und \u00e4sthetische Chirurgie MVZ GmbH\",\"potentialAction\":[{\"@type\":\"SearchAction\",\"target\":{\"@type\":\"EntryPoint\",\"urlTemplate\":\"https:\/\/airport-clinic.de\/en\/?s={search_term_string}\"},\"query-input\":\"required name=search_term_string\"}],\"inLanguage\":\"en-US\"}]}<\/script>\n<!-- \/ Yoast SEO plugin. -->","yoast_head_json":{"title":"Angstpatienten - AirportClinic Freising","robots":{"index":"index","follow":"follow","max-snippet":"max-snippet:-1","max-image-preview":"max-image-preview:large","max-video-preview":"max-video-preview:-1"},"canonical":"https:\/\/airport-clinic.de\/angstpatienten\/","og_locale":"en_US","og_type":"article","og_title":"Angstpatienten - AirportClinic Freising","og_url":"https:\/\/airport-clinic.de\/angstpatienten\/","og_site_name":"AirportClinic Freising","article_modified_time":"2019-03-25T11:32:05+00:00","twitter_card":"summary_large_image","twitter_misc":{"Est. reading time":"10 minutes"},"schema":{"@context":"https:\/\/schema.org","@graph":[{"@type":"WebPage","@id":"https:\/\/airport-clinic.de\/angstpatienten\/","url":"https:\/\/airport-clinic.de\/angstpatienten\/","name":"Angstpatienten - AirportClinic Freising","isPartOf":{"@id":"https:\/\/airport-clinic.de\/en\/#website"},"datePublished":"2019-01-18T14:11:06+00:00","dateModified":"2019-03-25T11:32:05+00:00","breadcrumb":{"@id":"https:\/\/airport-clinic.de\/angstpatienten\/#breadcrumb"},"inLanguage":"en-US","potentialAction":[{"@type":"ReadAction","target":["https:\/\/airport-clinic.de\/angstpatienten\/"]}]},{"@type":"BreadcrumbList","@id":"https:\/\/airport-clinic.de\/angstpatienten\/#breadcrumb","itemListElement":[{"@type":"ListItem","position":1,"name":"Home","item":"https:\/\/airport-clinic.de\/"},{"@type":"ListItem","position":2,"name":"Angstpatienten"}]},{"@type":"WebSite","@id":"https:\/\/airport-clinic.de\/en\/#website","url":"https:\/\/airport-clinic.de\/en\/","name":"AirportClinic Freising","description":"Zentrum f\u00fcr Zahn-, Mund-, Kieferheilkunde und \u00e4sthetische Chirurgie MVZ GmbH","potentialAction":[{"@type":"SearchAction","target":{"@type":"EntryPoint","urlTemplate":"https:\/\/airport-clinic.de\/en\/?s={search_term_string}"},"query-input":"required name=search_term_string"}],"inLanguage":"en-US"}]}},"_links":{"self":[{"href":"https:\/\/airport-clinic.de\/en\/wp-json\/wp\/v2\/pages\/4570"}],"collection":[{"href":"https:\/\/airport-clinic.de\/en\/wp-json\/wp\/v2\/pages"}],"about":[{"href":"https:\/\/airport-clinic.de\/en\/wp-json\/wp\/v2\/types\/page"}],"author":[{"embeddable":true,"href":"https:\/\/airport-clinic.de\/en\/wp-json\/wp\/v2\/users\/1"}],"replies":[{"embeddable":true,"href":"https:\/\/airport-clinic.de\/en\/wp-json\/wp\/v2\/comments?post=4570"}],"version-history":[{"count":25,"href":"https:\/\/airport-clinic.de\/en\/wp-json\/wp\/v2\/pages\/4570\/revisions"}],"predecessor-version":[{"id":4971,"href":"https:\/\/airport-clinic.de\/en\/wp-json\/wp\/v2\/pages\/4570\/revisions\/4971"}],"wp:attachment":[{"href":"https:\/\/airport-clinic.de\/en\/wp-json\/wp\/v2\/media?parent=4570"}],"curies":[{"name":"wp","href":"https:\/\/api.w.org\/{rel}","templated":true}]}}