{"id":4401,"date":"2018-10-25T13:40:49","date_gmt":"2018-10-25T11:40:49","guid":{"rendered":"http:\/\/staging.airport-clinic.de\/?page_id=4401"},"modified":"2018-10-25T13:40:49","modified_gmt":"2018-10-25T11:40:49","slug":"aesthetische-behandlungen","status":"publish","type":"page","link":"https:\/\/airport-clinic.de\/ru\/aesthetische-behandlungen\/","title":{"rendered":"\u00c4sthetische Behandlungen"},"content":{"rendered":"<style type=\"text\/css\"><\/style><h3><strong>\u00c4sthetische Chirurgie<\/strong><\/h3>\n<p>Die \u00e4sthetische Gesichtschirurgie besch\u00e4ftigt sich mit der Ver\u00e4nderung des Gesichtes, welche durch verschiedene \u00e4u\u00dfere Einfl\u00fcsse, wie falsche Ern\u00e4hrung, Stress oder den nat\u00fcrlichen Alterungsprozess, auftreten. Der Sch\u00e4delknochen und die dar\u00fcberliegenden Haut- und Gewebestrukturen legen das Aussehen eines Menschen fest. Werden diese ver\u00e4ndert, so k\u00f6nnen unterschiedliche Defizite auftreten, wie zum Beispiel<\/p>\n<ul>\n<li>Falten in unterschiedlichen Regionen des Gesichtes (Nasolabialregion, Stirn)<\/li>\n<li>herabgesunkene Augenbrauen<\/li>\n<li>h\u00e4ngende Mundwinkel<\/li>\n<li>Verlust der Unterkieferkontur<\/li>\n<li>oder auch ein erschlaffter Hals mit Doppelkinn oder hervortretenden Muskelstr\u00e4ngen<\/li>\n<\/ul>\n<p>Dr. Andreas Jauch verwendet in der AirportClinik Freising Hyalurons\u00e4ureprodukte mit Lokalanaesthesie zur Schmerzreduktion der Firmen Allergan und Teoxane (Juvederm und Teosyal) . Die Wirkungen sind \u00fcberzeugend und lang anhaltend \u00a0(bis zu 2 Jahre).<\/p>\n<h3><strong>BX A<\/strong><\/h3>\n<p>BX A (Vistabel) wird ebenfalls eingesetzt. Die AirportClinic setzt\u00a0BX seit vielen Jahren gegen Falten, aber auch zur Behandlung bei Migr\u00e4ne, Spannungskopfschmerzen und der Kaumuskulatur ein.<\/p>\n<h3><strong>Stirnlift<\/strong><\/h3>\n<p>Das klassische Stirnlifting ist eine Behandlung der Stirnfalten bei dem durch Staffung der Stirnhaut (Abl\u00f6sen der Haut von der muskul\u00e4ren Unterlage und neu fixieren) eine Gl\u00e4ttung m\u00f6glich ist. Die Augenbrauen werden dadurch zus\u00e4tzlich angehoben und die Oberlider damit gleichzeitig gestrafft. Meist bewirkt das Absinken der Brauen durch Erschlaffung der Haut einen m\u00fcden Ausdruck. Nach dem operativen Eingriff erscheint das gesamte Gesicht frischer und j\u00fcnger. Der Eingriff kann in Vollnarkose, in Teilnarkose und in lokaler An\u00e4sthesie durchgef\u00fchrt werden, wobei wir pers\u00f6nlich die ersten beiden Varianten bevorzugen. Der Eingriff dauert ca 2 Stunden unter ambulanten Bedingungen. Am Tag danach wird ein Verbandswechsel durchgef\u00fchrt. Die F\u00e4den werden nach ca. 10 Tagen gezogen. Eine Schwellung und ein Bluterguss ist normal und nach etwa 2 Wochn nicht mehr zu sehen. Das endg\u00fcltige Ergebnis wird nach Abschlu\u00df der Narbenbildung (bis zu 6 Monaten) erreicht.<\/p>\n<h3><strong>Gesichtslifting, Halsstraffung, komplettes Facelift, Minilift<\/strong><\/h3>\n<p>Ziel das Faceliftes ist es, Sie wieder frischer und j\u00fcnger aussehen zu lassen. Hierbei hat die nat\u00fcrliche Wirkung des Gesichtes nach dem Eingriff h\u00f6chste Priorit\u00e4t. Die Operation sollte Ihnen niemals angesehen werden. Ein Facelift ist im Grunde genommen nichts anderes, als eine Straffung des Unterhautgewebes, des sogenannten SMAS. Hierbei wird die Haut nur sehr geringf\u00fcgig reduziert und es f\u00fchrt zu einem dauerhaft nat\u00fcrlichen Aussehen. Der Eingriff wird ambulant mit Vollnarkose durchgef\u00fchrt.<\/p>\n<h3><strong>Entfernung von Muttermalen<\/strong><\/h3>\n<address>Muttermale werden, je nach Gr\u00f6\u00dfe, in Lokalan\u00e4sthesie entfernt. Eine Direkte- bzw. eine plastische Deckung wird mittels Rotationslappen erzielt.<\/address>\n<h3><strong>Augenlid-Korrekturen<\/strong><\/h3>\n<ul>\n<li>Oberlid<\/li>\n<li>Unterlid<\/li>\n<li>Straffung<\/li>\n<li>Entfernung von Fettk\u00f6rpern<\/li>\n<\/ul>\n<h3><strong>Ohren anlegen<\/strong><\/h3>\n<p>Korrekturen von Segelohren, oder \u00e4hnlichem.<\/p>\n<h3><strong>Faltenbehandlung<\/strong><\/h3>\n<p>Mit Hyalurons\u00e4ure ( Juvederm; Teoxane )<\/p>\n<p>Poly-L-Michs\u00e4ure ( z.B. Sculptra )<\/p>\n<p><strong>Das freundliche Team der AirportClinic und Dr. Andreas Jauch stehen Ihnen bei offenen Fragen gerne zur Verf\u00fcgung!<\/strong><\/p>\n","protected":false},"excerpt":{"rendered":"<p>\u00c4sthetische Chirurgie Die \u00e4sthetische Gesichtschirurgie besch\u00e4ftigt sich mit der Ver\u00e4nderung des Gesichtes, welche durch verschiedene \u00e4u\u00dfere Einfl\u00fcsse, wie falsche Ern\u00e4hrung, Stress oder den nat\u00fcrlichen Alterungsprozess, auftreten. Der Sch\u00e4delknochen und die dar\u00fcberliegenden Haut- und Gewebestrukturen legen das Aussehen eines Menschen fest. Werden diese ver\u00e4ndert, so k\u00f6nnen unterschiedliche Defizite auftreten, wie zum Beispiel Falten in unterschiedlichen Regionen&#8230;<\/p>\n","protected":false},"author":1,"featured_media":0,"parent":0,"menu_order":0,"comment_status":"closed","ping_status":"closed","template":"","meta":[],"yoast_head":"<!-- This site is optimized with the Yoast SEO plugin v20.5 - https:\/\/yoast.com\/wordpress\/plugins\/seo\/ -->\n<title>\u00c4sthetische Behandlungen - AirportClinic Freising<\/title>\n<meta name=\"robots\" content=\"index, follow, max-snippet:-1, max-image-preview:large, max-video-preview:-1\" \/>\n<link rel=\"canonical\" href=\"https:\/\/airport-clinic.de\/ru\/aesthetische-behandlungen\/\" \/>\n<meta property=\"og:locale\" content=\"ru_RU\" \/>\n<meta property=\"og:type\" content=\"article\" \/>\n<meta property=\"og:title\" content=\"\u00c4sthetische Behandlungen - AirportClinic Freising\" \/>\n<meta property=\"og:description\" content=\"\u00c4sthetische Chirurgie Die \u00e4sthetische Gesichtschirurgie besch\u00e4ftigt sich mit der Ver\u00e4nderung des Gesichtes, welche durch verschiedene \u00e4u\u00dfere Einfl\u00fcsse, wie falsche Ern\u00e4hrung, Stress oder den nat\u00fcrlichen Alterungsprozess, auftreten. Der Sch\u00e4delknochen und die dar\u00fcberliegenden Haut- und Gewebestrukturen legen das Aussehen eines Menschen fest. Werden diese ver\u00e4ndert, so k\u00f6nnen unterschiedliche Defizite auftreten, wie zum Beispiel Falten in unterschiedlichen Regionen...\" \/>\n<meta property=\"og:url\" content=\"https:\/\/airport-clinic.de\/ru\/aesthetische-behandlungen\/\" \/>\n<meta property=\"og:site_name\" content=\"AirportClinic Freising\" \/>\n<meta name=\"twitter:card\" content=\"summary_large_image\" \/>\n<meta name=\"twitter:label1\" content=\"\u041f\u0440\u0438\u043c\u0435\u0440\u043d\u043e\u0435 \u0432\u0440\u0435\u043c\u044f \u0434\u043b\u044f \u0447\u0442\u0435\u043d\u0438\u044f\" \/>\n\t<meta name=\"twitter:data1\" content=\"2 \u043c\u0438\u043d\u0443\u0442\u044b\" \/>\n<script type=\"application\/ld+json\" class=\"yoast-schema-graph\">{\"@context\":\"https:\/\/schema.org\",\"@graph\":[{\"@type\":\"WebPage\",\"@id\":\"https:\/\/airport-clinic.de\/ru\/aesthetische-behandlungen\/\",\"url\":\"https:\/\/airport-clinic.de\/ru\/aesthetische-behandlungen\/\",\"name\":\"\u00c4sthetische Behandlungen - AirportClinic Freising\",\"isPartOf\":{\"@id\":\"https:\/\/airport-clinic.de\/en\/#website\"},\"datePublished\":\"2018-10-25T11:40:49+00:00\",\"dateModified\":\"2018-10-25T11:40:49+00:00\",\"breadcrumb\":{\"@id\":\"https:\/\/airport-clinic.de\/ru\/aesthetische-behandlungen\/#breadcrumb\"},\"inLanguage\":\"ru-RU\",\"potentialAction\":[{\"@type\":\"ReadAction\",\"target\":[\"https:\/\/airport-clinic.de\/ru\/aesthetische-behandlungen\/\"]}]},{\"@type\":\"BreadcrumbList\",\"@id\":\"https:\/\/airport-clinic.de\/ru\/aesthetische-behandlungen\/#breadcrumb\",\"itemListElement\":[{\"@type\":\"ListItem\",\"position\":1,\"name\":\"Home\",\"item\":\"https:\/\/airport-clinic.de\/\"},{\"@type\":\"ListItem\",\"position\":2,\"name\":\"\u00c4sthetische Behandlungen\"}]},{\"@type\":\"WebSite\",\"@id\":\"https:\/\/airport-clinic.de\/en\/#website\",\"url\":\"https:\/\/airport-clinic.de\/en\/\",\"name\":\"AirportClinic Freising\",\"description\":\"Zentrum f\u00fcr Zahn-, Mund-, Kieferheilkunde und \u00e4sthetische Chirurgie MVZ GmbH\",\"potentialAction\":[{\"@type\":\"SearchAction\",\"target\":{\"@type\":\"EntryPoint\",\"urlTemplate\":\"https:\/\/airport-clinic.de\/en\/?s={search_term_string}\"},\"query-input\":\"required name=search_term_string\"}],\"inLanguage\":\"ru-RU\"}]}<\/script>\n<!-- \/ Yoast SEO plugin. -->","yoast_head_json":{"title":"\u00c4sthetische Behandlungen - AirportClinic Freising","robots":{"index":"index","follow":"follow","max-snippet":"max-snippet:-1","max-image-preview":"max-image-preview:large","max-video-preview":"max-video-preview:-1"},"canonical":"https:\/\/airport-clinic.de\/ru\/aesthetische-behandlungen\/","og_locale":"ru_RU","og_type":"article","og_title":"\u00c4sthetische Behandlungen - AirportClinic Freising","og_description":"\u00c4sthetische Chirurgie Die \u00e4sthetische Gesichtschirurgie besch\u00e4ftigt sich mit der Ver\u00e4nderung des Gesichtes, welche durch verschiedene \u00e4u\u00dfere Einfl\u00fcsse, wie falsche Ern\u00e4hrung, Stress oder den nat\u00fcrlichen Alterungsprozess, auftreten. Der Sch\u00e4delknochen und die dar\u00fcberliegenden Haut- und Gewebestrukturen legen das Aussehen eines Menschen fest. Werden diese ver\u00e4ndert, so k\u00f6nnen unterschiedliche Defizite auftreten, wie zum Beispiel Falten in unterschiedlichen Regionen...","og_url":"https:\/\/airport-clinic.de\/ru\/aesthetische-behandlungen\/","og_site_name":"AirportClinic Freising","twitter_card":"summary_large_image","twitter_misc":{"\u041f\u0440\u0438\u043c\u0435\u0440\u043d\u043e\u0435 \u0432\u0440\u0435\u043c\u044f \u0434\u043b\u044f \u0447\u0442\u0435\u043d\u0438\u044f":"2 \u043c\u0438\u043d\u0443\u0442\u044b"},"schema":{"@context":"https:\/\/schema.org","@graph":[{"@type":"WebPage","@id":"https:\/\/airport-clinic.de\/ru\/aesthetische-behandlungen\/","url":"https:\/\/airport-clinic.de\/ru\/aesthetische-behandlungen\/","name":"\u00c4sthetische Behandlungen - AirportClinic Freising","isPartOf":{"@id":"https:\/\/airport-clinic.de\/en\/#website"},"datePublished":"2018-10-25T11:40:49+00:00","dateModified":"2018-10-25T11:40:49+00:00","breadcrumb":{"@id":"https:\/\/airport-clinic.de\/ru\/aesthetische-behandlungen\/#breadcrumb"},"inLanguage":"ru-RU","potentialAction":[{"@type":"ReadAction","target":["https:\/\/airport-clinic.de\/ru\/aesthetische-behandlungen\/"]}]},{"@type":"BreadcrumbList","@id":"https:\/\/airport-clinic.de\/ru\/aesthetische-behandlungen\/#breadcrumb","itemListElement":[{"@type":"ListItem","position":1,"name":"Home","item":"https:\/\/airport-clinic.de\/"},{"@type":"ListItem","position":2,"name":"\u00c4sthetische Behandlungen"}]},{"@type":"WebSite","@id":"https:\/\/airport-clinic.de\/en\/#website","url":"https:\/\/airport-clinic.de\/en\/","name":"AirportClinic Freising","description":"Zentrum f\u00fcr Zahn-, Mund-, Kieferheilkunde und \u00e4sthetische Chirurgie MVZ GmbH","potentialAction":[{"@type":"SearchAction","target":{"@type":"EntryPoint","urlTemplate":"https:\/\/airport-clinic.de\/en\/?s={search_term_string}"},"query-input":"required name=search_term_string"}],"inLanguage":"ru-RU"}]}},"_links":{"self":[{"href":"https:\/\/airport-clinic.de\/ru\/wp-json\/wp\/v2\/pages\/4401"}],"collection":[{"href":"https:\/\/airport-clinic.de\/ru\/wp-json\/wp\/v2\/pages"}],"about":[{"href":"https:\/\/airport-clinic.de\/ru\/wp-json\/wp\/v2\/types\/page"}],"author":[{"embeddable":true,"href":"https:\/\/airport-clinic.de\/ru\/wp-json\/wp\/v2\/users\/1"}],"replies":[{"embeddable":true,"href":"https:\/\/airport-clinic.de\/ru\/wp-json\/wp\/v2\/comments?post=4401"}],"version-history":[{"count":1,"href":"https:\/\/airport-clinic.de\/ru\/wp-json\/wp\/v2\/pages\/4401\/revisions"}],"predecessor-version":[{"id":4402,"href":"https:\/\/airport-clinic.de\/ru\/wp-json\/wp\/v2\/pages\/4401\/revisions\/4402"}],"wp:attachment":[{"href":"https:\/\/airport-clinic.de\/ru\/wp-json\/wp\/v2\/media?parent=4401"}],"curies":[{"name":"wp","href":"https:\/\/api.w.org\/{rel}","templated":true}]}}