{"id":4403,"date":"2018-10-25T13:41:26","date_gmt":"2018-10-25T11:41:26","guid":{"rendered":"http:\/\/staging.airport-clinic.de\/?page_id=4403"},"modified":"2018-10-25T13:41:26","modified_gmt":"2018-10-25T11:41:26","slug":"aqualyx","status":"publish","type":"page","link":"https:\/\/airport-clinic.de\/ru\/aqualyx\/","title":{"rendered":"Aqualyx \u2013 Die Fettwegspritze"},"content":{"rendered":"<style type=\"text\/css\"><\/style><h3><strong>Die Fettwegspritze in der AirportClinic<\/strong><\/h3>\n<p>lesen Sie hierzu die Folien als PDF oder Powerpointpr\u00e4sentation. Bei Fragen k\u00f6nnen Sie gerne Dr. Jauch \u00fcber das Kontaktformular oder telefonisch erreichen. Er wird Sie gerne beraten.<\/p>\n<p><a title=\"Aqualyx-Patientenvortrag\" href=\"http:\/\/www.airport-clinic.de\/wp-content\/uploads\/2014\/01\/aqualyx_Patientenvortrag.ppt\" target=\"_blank\" rel=\"noopener\">Download Aqualyx-Patientenvortrag als ppt<\/a><\/p>\n<p><a title=\"Aqualyx-Patientenvortrag\" href=\"http:\/\/www.airport-clinic.de\/wp-content\/uploads\/2014\/01\/aqualyx_Patientenvortrag.pdf\" target=\"_blank\" rel=\"noopener\">Download Aqualyx-Patientenvortrag als pdf<\/a><\/p>\n<p><strong>Zusammenfassung:<\/strong><\/p>\n<p>Der K\u00f6rper h\u00e4lt unter der Haut eine eisenerne Energiereserve bereit, das subkutane Fett.<\/p>\n<p>Jeder K\u00f6rper verteilt sein Fett nach einem genetisch determinierten Muster. Diese Verteilung l\u00e4sst sich weder durch Ern\u00e4hrung noch durch Sport ver\u00e4ndern.<\/p>\n<p>Aqualyx ist eine mikrogelatin\u00f6se Fl\u00fcssigkeit aus einer synthetisch hergestellten sekund\u00e4ren Gallens\u00e4ure. Gallens\u00e4uren werden vom K\u00f6rper selbst hergestellt und sind f\u00fcr die Fettverdauung notwendig.<\/p>\n<p>Aqualyx l\u00f6st die Zellmembranen auf. Die Fettzelle wird instabil und setzt die Fetts\u00e4uren in der Fettzelle frei. Das freie Fett wird gebunden und abtransportiert. Die \u00fcbrigen Reste der Zelle wird durch Makrophagen ( Fre\u00dfzellen ) entfernt.<\/p>\n<p>Anwendungsgebiete:<\/p>\n<p>Aqualyx ist f\u00fcr lokale Fettdepots am ganzen K\u00f6rper geeignet. Das Auge sollte ausgespart bleiben.<\/p>\n<p><strong>\u00a0<\/strong><strong>AQUALYX<sup>TM<\/sup>\u00a0ist eine ambulante Injektionsbehandlung:<\/strong><\/p>\n<ul>\n<li>Aufkl\u00e4rungsgespr\u00e4ch<\/li>\n<li>Unterzeichnung der Einwilligung<\/li>\n<li>Markierung des Behandlungsareals<\/li>\n<li>Desinfektion<\/li>\n<li>Unterspritzung des Fettdepots<\/li>\n<li>Desinfektion<\/li>\n<li>Optional: Auftragen einer beruhigenden Salbe\/ Ultraschall<\/li>\n<\/ul>\n<p>Behandlungswiederholung nach Absprache mit Behandler<\/p>\n<p><strong>Nach einer AQUALYX<sup>TM<\/sup>-Behandlung:<\/strong><\/p>\n<ul>\n<li>Sollten Sie die behandelte Stelle nicht \u00fcberhitzen (Sauna, Sonne etc.) oder zu stark k\u00fchlen<\/li>\n<li>Bitten wir Sie sportliche Aktivit\u00e4ten f\u00fcr etwa 7 Tage zu vermeiden<\/li>\n<li>Verzichten Sie bitte f\u00fcr 12 Stunden auf Kosmetika im Behandlungsgebiet<\/li>\n<li>Nehmen Sie keine entz\u00fcndungshemmenden Medikamente (z.B. Ibuprofen) ein<\/li>\n<\/ul>\n<p><strong>In den ersten Tagen danach:<\/strong><\/p>\n<ul>\n<li>K\u00f6nnen sich blaue Flecken an der Behandlungsstelle zeigen<\/li>\n<li>K\u00f6nnen Jucken, Brennen, Druckgef\u00fchl oder sehr selten leichte Schmerzen auftreten<\/li>\n<\/ul>\n<p>selten sind auch Schwellungen m\u00f6glich.<\/p>\n<p>Falls Sie weitere Fragen haben bevor Sie uns besuchen, k\u00f6nnen Sie diese direkt an Dr. Andreas Jauch per e mail stellen. Er wird Sie dann so schnell als m\u00f6glich beantworten. Dr.jauch@airport-clinic.de<\/p>\n","protected":false},"excerpt":{"rendered":"<p>Die Fettwegspritze in der AirportClinic lesen Sie hierzu die Folien als PDF oder Powerpointpr\u00e4sentation. Bei Fragen k\u00f6nnen Sie gerne Dr. Jauch \u00fcber das Kontaktformular oder telefonisch erreichen. Er wird Sie gerne beraten. Download Aqualyx-Patientenvortrag als ppt Download Aqualyx-Patientenvortrag als pdf Zusammenfassung: Der K\u00f6rper h\u00e4lt unter der Haut eine eisenerne Energiereserve bereit, das subkutane Fett. Jeder&#8230;<\/p>\n","protected":false},"author":1,"featured_media":0,"parent":0,"menu_order":0,"comment_status":"closed","ping_status":"closed","template":"","meta":[],"yoast_head":"<!-- This site is optimized with the Yoast SEO plugin v20.5 - https:\/\/yoast.com\/wordpress\/plugins\/seo\/ -->\n<title>Aqualyx \u2013 Die Fettwegspritze - AirportClinic Freising<\/title>\n<meta name=\"robots\" content=\"index, follow, max-snippet:-1, max-image-preview:large, max-video-preview:-1\" \/>\n<link rel=\"canonical\" href=\"https:\/\/airport-clinic.de\/en\/aqualyx\/\" \/>\n<meta property=\"og:locale\" content=\"ru_RU\" \/>\n<meta property=\"og:type\" content=\"article\" \/>\n<meta property=\"og:title\" content=\"Aqualyx \u2013 Die Fettwegspritze - AirportClinic Freising\" \/>\n<meta property=\"og:description\" content=\"Die Fettwegspritze in der AirportClinic lesen Sie hierzu die Folien als PDF oder Powerpointpr\u00e4sentation. Bei Fragen k\u00f6nnen Sie gerne Dr. Jauch \u00fcber das Kontaktformular oder telefonisch erreichen. Er wird Sie gerne beraten. Download Aqualyx-Patientenvortrag als ppt Download Aqualyx-Patientenvortrag als pdf Zusammenfassung: Der K\u00f6rper h\u00e4lt unter der Haut eine eisenerne Energiereserve bereit, das subkutane Fett. Jeder...\" \/>\n<meta property=\"og:url\" content=\"https:\/\/airport-clinic.de\/en\/aqualyx\/\" \/>\n<meta property=\"og:site_name\" content=\"AirportClinic Freising\" \/>\n<meta name=\"twitter:card\" content=\"summary_large_image\" \/>\n<meta name=\"twitter:label1\" content=\"\u041f\u0440\u0438\u043c\u0435\u0440\u043d\u043e\u0435 \u0432\u0440\u0435\u043c\u044f \u0434\u043b\u044f \u0447\u0442\u0435\u043d\u0438\u044f\" \/>\n\t<meta name=\"twitter:data1\" content=\"2 \u043c\u0438\u043d\u0443\u0442\u044b\" \/>\n<script type=\"application\/ld+json\" class=\"yoast-schema-graph\">{\"@context\":\"https:\/\/schema.org\",\"@graph\":[{\"@type\":\"WebPage\",\"@id\":\"https:\/\/airport-clinic.de\/en\/aqualyx\/\",\"url\":\"https:\/\/airport-clinic.de\/en\/aqualyx\/\",\"name\":\"Aqualyx \u2013 Die Fettwegspritze - AirportClinic Freising\",\"isPartOf\":{\"@id\":\"https:\/\/airport-clinic.de\/en\/#website\"},\"datePublished\":\"2018-10-25T11:41:26+00:00\",\"dateModified\":\"2018-10-25T11:41:26+00:00\",\"breadcrumb\":{\"@id\":\"https:\/\/airport-clinic.de\/en\/aqualyx\/#breadcrumb\"},\"inLanguage\":\"ru-RU\",\"potentialAction\":[{\"@type\":\"ReadAction\",\"target\":[\"https:\/\/airport-clinic.de\/en\/aqualyx\/\"]}]},{\"@type\":\"BreadcrumbList\",\"@id\":\"https:\/\/airport-clinic.de\/en\/aqualyx\/#breadcrumb\",\"itemListElement\":[{\"@type\":\"ListItem\",\"position\":1,\"name\":\"Home\",\"item\":\"https:\/\/airport-clinic.de\/\"},{\"@type\":\"ListItem\",\"position\":2,\"name\":\"Aqualyx \u2013 Die Fettwegspritze\"}]},{\"@type\":\"WebSite\",\"@id\":\"https:\/\/airport-clinic.de\/en\/#website\",\"url\":\"https:\/\/airport-clinic.de\/en\/\",\"name\":\"AirportClinic Freising\",\"description\":\"Zentrum f\u00fcr Zahn-, Mund-, Kieferheilkunde und \u00e4sthetische Chirurgie MVZ GmbH\",\"potentialAction\":[{\"@type\":\"SearchAction\",\"target\":{\"@type\":\"EntryPoint\",\"urlTemplate\":\"https:\/\/airport-clinic.de\/en\/?s={search_term_string}\"},\"query-input\":\"required name=search_term_string\"}],\"inLanguage\":\"ru-RU\"}]}<\/script>\n<!-- \/ Yoast SEO plugin. -->","yoast_head_json":{"title":"Aqualyx \u2013 Die Fettwegspritze - AirportClinic Freising","robots":{"index":"index","follow":"follow","max-snippet":"max-snippet:-1","max-image-preview":"max-image-preview:large","max-video-preview":"max-video-preview:-1"},"canonical":"https:\/\/airport-clinic.de\/en\/aqualyx\/","og_locale":"ru_RU","og_type":"article","og_title":"Aqualyx \u2013 Die Fettwegspritze - AirportClinic Freising","og_description":"Die Fettwegspritze in der AirportClinic lesen Sie hierzu die Folien als PDF oder Powerpointpr\u00e4sentation. Bei Fragen k\u00f6nnen Sie gerne Dr. Jauch \u00fcber das Kontaktformular oder telefonisch erreichen. Er wird Sie gerne beraten. Download Aqualyx-Patientenvortrag als ppt Download Aqualyx-Patientenvortrag als pdf Zusammenfassung: Der K\u00f6rper h\u00e4lt unter der Haut eine eisenerne Energiereserve bereit, das subkutane Fett. Jeder...","og_url":"https:\/\/airport-clinic.de\/en\/aqualyx\/","og_site_name":"AirportClinic Freising","twitter_card":"summary_large_image","twitter_misc":{"\u041f\u0440\u0438\u043c\u0435\u0440\u043d\u043e\u0435 \u0432\u0440\u0435\u043c\u044f \u0434\u043b\u044f \u0447\u0442\u0435\u043d\u0438\u044f":"2 \u043c\u0438\u043d\u0443\u0442\u044b"},"schema":{"@context":"https:\/\/schema.org","@graph":[{"@type":"WebPage","@id":"https:\/\/airport-clinic.de\/en\/aqualyx\/","url":"https:\/\/airport-clinic.de\/en\/aqualyx\/","name":"Aqualyx \u2013 Die Fettwegspritze - AirportClinic Freising","isPartOf":{"@id":"https:\/\/airport-clinic.de\/en\/#website"},"datePublished":"2018-10-25T11:41:26+00:00","dateModified":"2018-10-25T11:41:26+00:00","breadcrumb":{"@id":"https:\/\/airport-clinic.de\/en\/aqualyx\/#breadcrumb"},"inLanguage":"ru-RU","potentialAction":[{"@type":"ReadAction","target":["https:\/\/airport-clinic.de\/en\/aqualyx\/"]}]},{"@type":"BreadcrumbList","@id":"https:\/\/airport-clinic.de\/en\/aqualyx\/#breadcrumb","itemListElement":[{"@type":"ListItem","position":1,"name":"Home","item":"https:\/\/airport-clinic.de\/"},{"@type":"ListItem","position":2,"name":"Aqualyx \u2013 Die Fettwegspritze"}]},{"@type":"WebSite","@id":"https:\/\/airport-clinic.de\/en\/#website","url":"https:\/\/airport-clinic.de\/en\/","name":"AirportClinic Freising","description":"Zentrum f\u00fcr Zahn-, Mund-, Kieferheilkunde und \u00e4sthetische Chirurgie MVZ GmbH","potentialAction":[{"@type":"SearchAction","target":{"@type":"EntryPoint","urlTemplate":"https:\/\/airport-clinic.de\/en\/?s={search_term_string}"},"query-input":"required name=search_term_string"}],"inLanguage":"ru-RU"}]}},"_links":{"self":[{"href":"https:\/\/airport-clinic.de\/ru\/wp-json\/wp\/v2\/pages\/4403"}],"collection":[{"href":"https:\/\/airport-clinic.de\/ru\/wp-json\/wp\/v2\/pages"}],"about":[{"href":"https:\/\/airport-clinic.de\/ru\/wp-json\/wp\/v2\/types\/page"}],"author":[{"embeddable":true,"href":"https:\/\/airport-clinic.de\/ru\/wp-json\/wp\/v2\/users\/1"}],"replies":[{"embeddable":true,"href":"https:\/\/airport-clinic.de\/ru\/wp-json\/wp\/v2\/comments?post=4403"}],"version-history":[{"count":1,"href":"https:\/\/airport-clinic.de\/ru\/wp-json\/wp\/v2\/pages\/4403\/revisions"}],"predecessor-version":[{"id":4404,"href":"https:\/\/airport-clinic.de\/ru\/wp-json\/wp\/v2\/pages\/4403\/revisions\/4404"}],"wp:attachment":[{"href":"https:\/\/airport-clinic.de\/ru\/wp-json\/wp\/v2\/media?parent=4403"}],"curies":[{"name":"wp","href":"https:\/\/api.w.org\/{rel}","templated":true}]}}