{"id":4407,"date":"2018-10-25T13:42:44","date_gmt":"2018-10-25T11:42:44","guid":{"rendered":"http:\/\/staging.airport-clinic.de\/?page_id=4407"},"modified":"2020-05-26T11:24:38","modified_gmt":"2020-05-26T09:24:38","slug":"bx-behandlungen","status":"publish","type":"page","link":"https:\/\/airport-clinic.de\/ru\/bx-behandlungen\/","title":{"rendered":"BX &#8212; Behandlungen"},"content":{"rendered":"<style type=\"text\/css\"><\/style><p>BX\u00a0 wird ebenfalls eingesetzt. Die AirportClinic setzt BX seit vielen Jahren gegen Falten, aber auch zur Behandlung bei Migr\u00e4ne, Spannungskopfschmerzen und der Kaumuskulatur ein.<\/p>\n<p><strong>\u00a0<\/strong><\/p>\n<p><img decoding=\"async\" loading=\"lazy\" class=\"wp-image-4935 aligncenter\" src=\"https:\/\/airport-clinic.de\/wp-content\/uploads\/2019\/03\/Faltenunterspritzung-menu-300x200.jpg\" alt=\"\" width=\"302\" height=\"201\" \/><\/p>\n<p><strong>\u00dcber\u00a0BX<\/strong><\/p>\n<p>Das sogenannte BX, ist heutzutage in Deutschland ein stark verbreitetes Behandlungsmittel. Es wirkt sowohl im therapeutischen, als auch im \u00e4sthetischen Bereich. Es wird f\u00fcr unterschiedliche Zwecke genutzt:<\/p>\n<ul>\n<li><em>Behandlung von \u00fcberm\u00e4\u00dfigem Schwitzen<\/em>, der sogenannten Hyperhidrose (Wird durch den Einsatz von BX gehemmt)<\/li>\n<li><em>Bek\u00e4mpfung einer \u00fcberm\u00e4\u00dfigen Speichelproduktion im Mundraum<\/em>\u00a0(dies ist zum Beispiel bei Patienten mit Parkinson oder Amyotropher Lateralsklerose der Fall)<\/li>\n<li><em>Behandlung von Spannungskopfschmerzen und Migr\u00e4ne<\/em><\/li>\n<li><em>In der Schmerztherapie<\/em>\u00a0(Schmerzzust\u00e4nden der Muskulatur)<\/li>\n<li><em>Behandlung mimisch bedingter Falten in der kosmetischen Medizin<br \/>\n<\/em><br \/>\nIn der kosmetischen Medizin wird BX zur Bek\u00e4mpfung von Falten benutzt. Diese entstehen zum Teil durch nat\u00fcrliche Alterungsprozesse, zum anderen Teil werden sie verst\u00e4rkt durch \u00e4u\u00dfere Einfl\u00fcsse wie Stress, Rauchen oder h\u00e4ufiger Hautkontakt mit Sonnenlicht.\u00a0Bei Gesichtsfalten gibt es unterschiedliche Behandlungsmethoden. Zum einen die Injektion von BX zum anderen durch Filler.\u00a0BX verringert die \u00dcberleitung von Nerveninformationen auf den Muskel. Diese sind der Ursprung der Falten und werden somit gehemmt. Dadurch, dass allerdings nur ein Teil des Muskels gel\u00e4hmt wird, entsteht kein bewegungsloses Gesicht.<\/li>\n<\/ul>\n<p>Der Patient muss sich bei der rein kosmetischen Anwendung von BX besonders gut \u00fcber Risiken und Erfolgs-Chancen informieren lassen, da BX eigentlich als ein Mittel zur Behandlung von Kr\u00e4mpfen oder Zuckungen von Muskeln verwendet wird.<\/p>\n<p><strong>Vereinbaren Sie einen Termin in der AirportClinic Freising.<\/strong><br \/>\n<strong>Dr. Andreas Jauch ber\u00e4t Sie gerne \u00fcber individuelle BX-Behandlungen.<\/strong><\/p>\n<p><em>Patienten f\u00fcr BX Behandlungen in der AirportClinic Freising kommen unter anderem aus Freising, Moosburg, Neufahrn, Eching, Erding, Landshut, Dachau, Karlsfeld, Garching, Pfaffenhofen und M\u00fcnchen.<\/em><\/p>\n","protected":false},"excerpt":{"rendered":"<p>BX\u00a0 wird ebenfalls eingesetzt. Die AirportClinic setzt BX seit vielen Jahren gegen Falten, aber auch zur Behandlung bei Migr\u00e4ne, Spannungskopfschmerzen und der Kaumuskulatur ein. \u00a0 \u00dcber\u00a0BX Das sogenannte BX, ist heutzutage in Deutschland ein stark verbreitetes Behandlungsmittel. Es wirkt sowohl im therapeutischen, als auch im \u00e4sthetischen Bereich. Es wird f\u00fcr unterschiedliche Zwecke genutzt: Behandlung von&#8230;<\/p>\n","protected":false},"author":1,"featured_media":0,"parent":0,"menu_order":0,"comment_status":"closed","ping_status":"closed","template":"","meta":[],"yoast_head":"<!-- This site is optimized with the Yoast SEO plugin v20.5 - https:\/\/yoast.com\/wordpress\/plugins\/seo\/ -->\n<title>BX - Behandlungen - AirportClinic Freising<\/title>\n<meta name=\"robots\" content=\"index, follow, max-snippet:-1, max-image-preview:large, max-video-preview:-1\" \/>\n<link rel=\"canonical\" href=\"https:\/\/airport-clinic.de\/ru\/bx-behandlungen\/\" \/>\n<meta property=\"og:locale\" content=\"ru_RU\" \/>\n<meta property=\"og:type\" content=\"article\" \/>\n<meta property=\"og:title\" content=\"BX - Behandlungen - AirportClinic Freising\" \/>\n<meta property=\"og:description\" content=\"BX\u00a0 wird ebenfalls eingesetzt. Die AirportClinic setzt BX seit vielen Jahren gegen Falten, aber auch zur Behandlung bei Migr\u00e4ne, Spannungskopfschmerzen und der Kaumuskulatur ein. \u00a0 \u00dcber\u00a0BX Das sogenannte BX, ist heutzutage in Deutschland ein stark verbreitetes Behandlungsmittel. Es wirkt sowohl im therapeutischen, als auch im \u00e4sthetischen Bereich. Es wird f\u00fcr unterschiedliche Zwecke genutzt: Behandlung von...\" \/>\n<meta property=\"og:url\" content=\"https:\/\/airport-clinic.de\/ru\/bx-behandlungen\/\" \/>\n<meta property=\"og:site_name\" content=\"AirportClinic Freising\" \/>\n<meta property=\"article:modified_time\" content=\"2020-05-26T09:24:38+00:00\" \/>\n<meta property=\"og:image\" content=\"https:\/\/airport-clinic.de\/wp-content\/uploads\/2019\/03\/Faltenunterspritzung-menu-300x200.jpg\" \/>\n<meta name=\"twitter:card\" content=\"summary_large_image\" \/>\n<meta name=\"twitter:label1\" content=\"\u041f\u0440\u0438\u043c\u0435\u0440\u043d\u043e\u0435 \u0432\u0440\u0435\u043c\u044f \u0434\u043b\u044f \u0447\u0442\u0435\u043d\u0438\u044f\" \/>\n\t<meta name=\"twitter:data1\" content=\"1 \u043c\u0438\u043d\u0443\u0442\u0430\" \/>\n<script type=\"application\/ld+json\" class=\"yoast-schema-graph\">{\"@context\":\"https:\/\/schema.org\",\"@graph\":[{\"@type\":\"WebPage\",\"@id\":\"https:\/\/airport-clinic.de\/ru\/bx-behandlungen\/\",\"url\":\"https:\/\/airport-clinic.de\/ru\/bx-behandlungen\/\",\"name\":\"BX - Behandlungen - AirportClinic Freising\",\"isPartOf\":{\"@id\":\"https:\/\/airport-clinic.de\/en\/#website\"},\"datePublished\":\"2018-10-25T11:42:44+00:00\",\"dateModified\":\"2020-05-26T09:24:38+00:00\",\"breadcrumb\":{\"@id\":\"https:\/\/airport-clinic.de\/ru\/bx-behandlungen\/#breadcrumb\"},\"inLanguage\":\"ru-RU\",\"potentialAction\":[{\"@type\":\"ReadAction\",\"target\":[\"https:\/\/airport-clinic.de\/ru\/bx-behandlungen\/\"]}]},{\"@type\":\"BreadcrumbList\",\"@id\":\"https:\/\/airport-clinic.de\/ru\/bx-behandlungen\/#breadcrumb\",\"itemListElement\":[{\"@type\":\"ListItem\",\"position\":1,\"name\":\"Home\",\"item\":\"https:\/\/airport-clinic.de\/\"},{\"@type\":\"ListItem\",\"position\":2,\"name\":\"BX &#8212; Behandlungen\"}]},{\"@type\":\"WebSite\",\"@id\":\"https:\/\/airport-clinic.de\/en\/#website\",\"url\":\"https:\/\/airport-clinic.de\/en\/\",\"name\":\"AirportClinic Freising\",\"description\":\"Zentrum f\u00fcr Zahn-, Mund-, Kieferheilkunde und \u00e4sthetische Chirurgie MVZ GmbH\",\"potentialAction\":[{\"@type\":\"SearchAction\",\"target\":{\"@type\":\"EntryPoint\",\"urlTemplate\":\"https:\/\/airport-clinic.de\/en\/?s={search_term_string}\"},\"query-input\":\"required name=search_term_string\"}],\"inLanguage\":\"ru-RU\"}]}<\/script>\n<!-- \/ Yoast SEO plugin. -->","yoast_head_json":{"title":"BX - Behandlungen - AirportClinic Freising","robots":{"index":"index","follow":"follow","max-snippet":"max-snippet:-1","max-image-preview":"max-image-preview:large","max-video-preview":"max-video-preview:-1"},"canonical":"https:\/\/airport-clinic.de\/ru\/bx-behandlungen\/","og_locale":"ru_RU","og_type":"article","og_title":"BX - Behandlungen - AirportClinic Freising","og_description":"BX\u00a0 wird ebenfalls eingesetzt. Die AirportClinic setzt BX seit vielen Jahren gegen Falten, aber auch zur Behandlung bei Migr\u00e4ne, Spannungskopfschmerzen und der Kaumuskulatur ein. \u00a0 \u00dcber\u00a0BX Das sogenannte BX, ist heutzutage in Deutschland ein stark verbreitetes Behandlungsmittel. Es wirkt sowohl im therapeutischen, als auch im \u00e4sthetischen Bereich. Es wird f\u00fcr unterschiedliche Zwecke genutzt: Behandlung von...","og_url":"https:\/\/airport-clinic.de\/ru\/bx-behandlungen\/","og_site_name":"AirportClinic Freising","article_modified_time":"2020-05-26T09:24:38+00:00","og_image":[{"url":"https:\/\/airport-clinic.de\/wp-content\/uploads\/2019\/03\/Faltenunterspritzung-menu-300x200.jpg"}],"twitter_card":"summary_large_image","twitter_misc":{"\u041f\u0440\u0438\u043c\u0435\u0440\u043d\u043e\u0435 \u0432\u0440\u0435\u043c\u044f \u0434\u043b\u044f \u0447\u0442\u0435\u043d\u0438\u044f":"1 \u043c\u0438\u043d\u0443\u0442\u0430"},"schema":{"@context":"https:\/\/schema.org","@graph":[{"@type":"WebPage","@id":"https:\/\/airport-clinic.de\/ru\/bx-behandlungen\/","url":"https:\/\/airport-clinic.de\/ru\/bx-behandlungen\/","name":"BX - Behandlungen - AirportClinic Freising","isPartOf":{"@id":"https:\/\/airport-clinic.de\/en\/#website"},"datePublished":"2018-10-25T11:42:44+00:00","dateModified":"2020-05-26T09:24:38+00:00","breadcrumb":{"@id":"https:\/\/airport-clinic.de\/ru\/bx-behandlungen\/#breadcrumb"},"inLanguage":"ru-RU","potentialAction":[{"@type":"ReadAction","target":["https:\/\/airport-clinic.de\/ru\/bx-behandlungen\/"]}]},{"@type":"BreadcrumbList","@id":"https:\/\/airport-clinic.de\/ru\/bx-behandlungen\/#breadcrumb","itemListElement":[{"@type":"ListItem","position":1,"name":"Home","item":"https:\/\/airport-clinic.de\/"},{"@type":"ListItem","position":2,"name":"BX &#8212; Behandlungen"}]},{"@type":"WebSite","@id":"https:\/\/airport-clinic.de\/en\/#website","url":"https:\/\/airport-clinic.de\/en\/","name":"AirportClinic Freising","description":"Zentrum f\u00fcr Zahn-, Mund-, Kieferheilkunde und \u00e4sthetische Chirurgie MVZ GmbH","potentialAction":[{"@type":"SearchAction","target":{"@type":"EntryPoint","urlTemplate":"https:\/\/airport-clinic.de\/en\/?s={search_term_string}"},"query-input":"required name=search_term_string"}],"inLanguage":"ru-RU"}]}},"_links":{"self":[{"href":"https:\/\/airport-clinic.de\/ru\/wp-json\/wp\/v2\/pages\/4407"}],"collection":[{"href":"https:\/\/airport-clinic.de\/ru\/wp-json\/wp\/v2\/pages"}],"about":[{"href":"https:\/\/airport-clinic.de\/ru\/wp-json\/wp\/v2\/types\/page"}],"author":[{"embeddable":true,"href":"https:\/\/airport-clinic.de\/ru\/wp-json\/wp\/v2\/users\/1"}],"replies":[{"embeddable":true,"href":"https:\/\/airport-clinic.de\/ru\/wp-json\/wp\/v2\/comments?post=4407"}],"version-history":[{"count":3,"href":"https:\/\/airport-clinic.de\/ru\/wp-json\/wp\/v2\/pages\/4407\/revisions"}],"predecessor-version":[{"id":5063,"href":"https:\/\/airport-clinic.de\/ru\/wp-json\/wp\/v2\/pages\/4407\/revisions\/5063"}],"wp:attachment":[{"href":"https:\/\/airport-clinic.de\/ru\/wp-json\/wp\/v2\/media?parent=4407"}],"curies":[{"name":"wp","href":"https:\/\/api.w.org\/{rel}","templated":true}]}}