{"id":5065,"date":"2020-05-26T12:03:54","date_gmt":"2020-05-26T10:03:54","guid":{"rendered":"https:\/\/airport-clinic.de\/?page_id=5065"},"modified":"2020-05-26T20:07:27","modified_gmt":"2020-05-26T18:07:27","slug":"dauerhafte-ipl-shr-haarentfernung","status":"publish","type":"page","link":"https:\/\/airport-clinic.de\/ru\/dauerhafte-ipl-shr-haarentfernung\/","title":{"rendered":"Dauerhafte SHR Haarentfernung"},"content":{"rendered":"<style type=\"text\/css\"> \n#cmsms_row_69de777d57e1f5_49742406 .cmsms_row_outer_parent { \n\tpadding-top: 0px; \n} \n\n#cmsms_row_69de777d57e1f5_49742406 .cmsms_row_outer_parent { \n\tpadding-bottom: 50px; \n} \n\n \n\n#cmsms_fb_69de777d582407_61925590 { \n\tpadding-top:0px; \n\tpadding-bottom:0px; \n\tbackground-color:#959595;\n} \n\n#cmsms_fb_69de777d582407_61925590 .featured_block_inner { \n\twidth: 100%; \n\tpadding: ; \n\ttext-align: left; \n\tmargin:0 auto; \n} \n\n#cmsms_fb_69de777d582407_61925590 .featured_block_text { \n\ttext-align: left; \n} \n\n \n#cmsms_row_69de777d5860b1_39238722 .cmsms_row_outer_parent { \n\tpadding-top: 0px; \n} \n\n#cmsms_row_69de777d5860b1_39238722 .cmsms_row_outer_parent { \n\tpadding-bottom: 50px; \n} \n\n \n#cmsms_row_69de777d58bc12_72742792 .cmsms_row_outer_parent { \n\tpadding-top: 0px; \n} \n\n#cmsms_row_69de777d58bc12_72742792 .cmsms_row_outer_parent { \n\tpadding-bottom: 50px; \n} \n\n \n#cmsms_icon_69de777d58de20_46112617 { \n\tdisplay:block; \n\ttext-align:center; } \n\n#cmsms_icon_69de777d58de20_46112617 .cmsms_simple_icon { \n\tborder-width:0px; \n\twidth:60px; \n\theight:60px; \n\tfont-size:40px; \n\tline-height:60px; \n\ttext-align:center; \n\t-webkit-border-radius:50%; \n\tborder-radius:50%; } \n<\/style><div id=\"cmsms_row_69de777d57e1f5_49742406\" class=\"cmsms_row cmsms_color_scheme_default\">\n<div class=\"cmsms_row_outer_parent\">\n<div class=\"cmsms_row_outer\">\n<div class=\"cmsms_row_inner\">\n<div class=\"cmsms_row_margin\">\n<div class=\"cmsms_column one_first\">\n<div id=\"cmsms_fb_69de777d582407_61925590\" class=\"cmsms_featured_block\">\n<div class=\"featured_block_inner\">\n<div class=\"featured_block_text\">\n<h1><span style=\"color: #ffffff;\"><strong> Dauerhafte Haarentfernung mit SHR-Laser<\/strong><\/span><\/h1>\n<p><span style=\"color: #ffffff;\">SHR steht f\u00fcr Super Hair Removal.<br \/>\nDie neuartige Technik ist eine dauerhafte Haarentfernung mit durchschlagendem Erfolg. Hierf\u00fcr wurde die Erfahrung der Lasertechnologie mit den Vorteilen der Pulslichtmethode kombiniert und ist Bekannt als schmerzlose und schonendste Behandlung mit den besten Ergebnissen. Selbst helle Haare, die nur schwer zu entfernen waren, k\u00f6nnen mit der SHR Technik behandelt werden.<\/span><\/p>\n<\/div>\n<\/div>\n<\/div>\n<\/div>\n<\/div>\n<\/div>\n<\/div>\n<\/div>\n<\/div>\n<div id=\"cmsms_row_69de777d5860b1_39238722\" class=\"cmsms_row cmsms_color_scheme_default\">\n<div class=\"cmsms_row_outer_parent\">\n<div class=\"cmsms_row_outer\">\n<div class=\"cmsms_row_inner\">\n<div class=\"cmsms_row_margin\">\n<div class=\"cmsms_column one_first\">\n<div class=\"cmsms_text\">\n<h3><strong>Unterschied SHR und IPL<br \/>\n<\/strong><\/h3>\n<p>Die IPL Haarentfernung galt lange Zeit als eine wirksame Methode zur dauerhaften Haarntfernung. Hierf\u00fcr werden sehr kurze Licht Impulse mit hoher Energie eingesetzt, wobei eine W\u00e4rme von bis zu 70 \u00b0C an den Haarwurzeln entstehen k\u00f6nnen. Damit bei der Behandlung von IPL keine Sch\u00e4den entstehen, muss die Behandlung auf bis zu f\u00fcnf Sitzungen aufgeteilt werden. Betroffene Stellen werden durch einzelne intensive Lichtblitze stark erhitzt, damit die betroffenen Haarfollikel absterben und nicht mehr nachwachsen.<\/p>\n<p>Das SHR Verfahren gilt als <strong>nahezu schmerzfreie Weiterentwicklung.<br \/>\n<\/strong>Im Gegensatz zu der IPL Behandlung wird bei der Super Hair Removal Anwendung mithilfe eines Kontaktgels mehrmals \u00fcber die betroffenen Stellen gefahren, um so eine optimale Verteilung der Lichtblitze zu erreichen. Dadurch wird das Gewebe mit niedriger Energie aber hoher Wiederholungsrate abgefahren. Die kurzen Energiespitzen der SHR Technologie f\u00fchrt zu einer langsamen aber \u00fcber l\u00e4ngere Zeit anhaltende Erw\u00e4rmung. Das Bindegewebe wird auf 45\u00b0C erw\u00e4rmt, dadurch werden die Haarpapillen vollst\u00e4ndig zerst\u00f6rt. Das f\u00fchr dazu, dass keine weiteren Haare nachwachsen k\u00f6nnen.<\/p>\n<p>Blonde und wei\u00dfe Haare k\u00f6nnen mit der SHR Haarentfernung behandelt werden, da die Farbe der Haare nur noch eine untergeordnete Rolle spielt.<\/p>\n<\/div>\n<div class=\"cmsms_text\">\n<h3><strong>Vorteile von SHR zu IPL<br \/>\n<\/strong><\/h3>\n<ul>\n<li>Licht mit niedrigen Energiespitzen &#8212; nur 45\u00b0 C statt 70\u00b0 C<\/li>\n<li>Angenehmer und schonender f\u00fcr die Haut<\/li>\n<li>Mehrfaches \u00fcber die Haut fahren &#8212; gleichm\u00e4\u00dfige Behandlung<\/li>\n<li>Feine und Helle Haare sind behandelbar<\/li>\n<li>Auch f\u00fcr sonnengebr\u00e4unte Haut<\/li>\n<\/ul>\n<\/div>\n<div class=\"cmsms_text\">\n<h3><strong>Wo kann SHR eingesetzt werden?<br \/>\n<\/strong><\/h3>\n<p>Haare an jeder K\u00f6rperstelle k\u00f6nnen behandelt werden.<\/p>\n<\/div>\n<div class=\"cmsms_text\">\n<h3><strong>Was sp\u00fcrt man bei der SHR Haarentfernung?<br \/>\n<\/strong><\/h3>\n<p>Die Behandlung ist nahezu schmerzlos und schonender im Verlgeich zur IPL Methode.<\/p>\n<\/div>\n<div class=\"cmsms_text\">\n<h3><strong>In welchem <b class=\"b3\">Zeitabst\u00e4nden\u00a0<\/b>findet die SHR Behandlungen statt?<br \/>\n<\/strong><\/h3>\n<p>Der typische Lebenszyklus der Haare betr\u00e4gt 6-12 Wochen und ist auch von der K\u00f6rperregion abh\u00e4ngig. In diesem Rhythmus sollte auch die Behandlung stattfinden.<\/p>\n<\/div>\n<div class=\"cmsms_text\">\n<h3><strong>Was muss vor der SHR Behandlung beachtet werden?<\/strong><\/h3>\n<p>Die betroffene Region einen Tag davor rasieren und gen\u00fcgend Wasser trinken.<\/p>\n<\/div>\n<\/div>\n<\/div>\n<\/div>\n<\/div>\n<\/div>\n<\/div>\n<div id=\"cmsms_row_69de777d58bc12_72742792\" class=\"cmsms_row cmsms_color_scheme_default\">\n<div class=\"cmsms_row_outer_parent\">\n<div class=\"cmsms_row_outer\">\n<div class=\"cmsms_row_inner\">\n<div class=\"cmsms_row_margin\">\n<div class=\"cmsms_column one_fourth\">\n\n<div id=\"cmsms_icon_69de777d58de20_46112617\" class=\"cmsms_icon_wrap\"><span class=\"cmsms_simple_icon cmsms-icon-help-2\"><\/span><\/div>\n<\/div>\n<div class=\"cmsms_column three_fourth\">\n<div class=\"cmsms_text\">\n<p>Haben Sie Fragen?<\/p>\n<p>Das freundliche Team der AirportClinic und Dr. Andreas Jauch stehen Ihnen bei offenen Fragen gerne zur Verf\u00fcgung! Sie k\u00f6nnen uns unter\u00a0<a href=\"tel:081614943991\">08161 4943991<\/a>\u00a0oder nat\u00fcrlich \u00fcber unser <a href=\"https:\/\/airport-clinic.de\/kontaktformular\/\">Kontaktformular<\/a> immer erreichen.<\/p>\n<\/div>\n<\/div>\n<\/div>\n<\/div>\n<\/div>\n<\/div>\n<\/div>\n\n","protected":false},"excerpt":{"rendered":"","protected":false},"author":1,"featured_media":0,"parent":0,"menu_order":0,"comment_status":"closed","ping_status":"closed","template":"","meta":[],"yoast_head":"<!-- This site is optimized with the Yoast SEO plugin v20.5 - https:\/\/yoast.com\/wordpress\/plugins\/seo\/ -->\n<title>Dauerhafte SHR Haarentfernung - AirportClinic Freising<\/title>\n<meta name=\"robots\" content=\"index, follow, max-snippet:-1, max-image-preview:large, max-video-preview:-1\" \/>\n<link rel=\"canonical\" href=\"https:\/\/airport-clinic.de\/dauerhafte-ipl-shr-haarentfernung\/\" \/>\n<meta property=\"og:locale\" content=\"ru_RU\" \/>\n<meta property=\"og:type\" content=\"article\" \/>\n<meta property=\"og:title\" content=\"Dauerhafte SHR Haarentfernung - AirportClinic Freising\" \/>\n<meta property=\"og:url\" content=\"https:\/\/airport-clinic.de\/dauerhafte-ipl-shr-haarentfernung\/\" \/>\n<meta property=\"og:site_name\" content=\"AirportClinic Freising\" \/>\n<meta property=\"article:modified_time\" content=\"2020-05-26T18:07:27+00:00\" \/>\n<meta name=\"twitter:card\" content=\"summary_large_image\" \/>\n<meta name=\"twitter:label1\" content=\"\u041f\u0440\u0438\u043c\u0435\u0440\u043d\u043e\u0435 \u0432\u0440\u0435\u043c\u044f \u0434\u043b\u044f \u0447\u0442\u0435\u043d\u0438\u044f\" \/>\n\t<meta name=\"twitter:data1\" content=\"3 \u043c\u0438\u043d\u0443\u0442\u044b\" \/>\n<script type=\"application\/ld+json\" class=\"yoast-schema-graph\">{\"@context\":\"https:\/\/schema.org\",\"@graph\":[{\"@type\":\"WebPage\",\"@id\":\"https:\/\/airport-clinic.de\/dauerhafte-ipl-shr-haarentfernung\/\",\"url\":\"https:\/\/airport-clinic.de\/dauerhafte-ipl-shr-haarentfernung\/\",\"name\":\"Dauerhafte SHR Haarentfernung - AirportClinic Freising\",\"isPartOf\":{\"@id\":\"https:\/\/airport-clinic.de\/en\/#website\"},\"datePublished\":\"2020-05-26T10:03:54+00:00\",\"dateModified\":\"2020-05-26T18:07:27+00:00\",\"breadcrumb\":{\"@id\":\"https:\/\/airport-clinic.de\/dauerhafte-ipl-shr-haarentfernung\/#breadcrumb\"},\"inLanguage\":\"ru-RU\",\"potentialAction\":[{\"@type\":\"ReadAction\",\"target\":[\"https:\/\/airport-clinic.de\/dauerhafte-ipl-shr-haarentfernung\/\"]}]},{\"@type\":\"BreadcrumbList\",\"@id\":\"https:\/\/airport-clinic.de\/dauerhafte-ipl-shr-haarentfernung\/#breadcrumb\",\"itemListElement\":[{\"@type\":\"ListItem\",\"position\":1,\"name\":\"Home\",\"item\":\"https:\/\/airport-clinic.de\/\"},{\"@type\":\"ListItem\",\"position\":2,\"name\":\"Dauerhafte SHR Haarentfernung\"}]},{\"@type\":\"WebSite\",\"@id\":\"https:\/\/airport-clinic.de\/en\/#website\",\"url\":\"https:\/\/airport-clinic.de\/en\/\",\"name\":\"AirportClinic Freising\",\"description\":\"Zentrum f\u00fcr Zahn-, Mund-, Kieferheilkunde und \u00e4sthetische Chirurgie MVZ GmbH\",\"potentialAction\":[{\"@type\":\"SearchAction\",\"target\":{\"@type\":\"EntryPoint\",\"urlTemplate\":\"https:\/\/airport-clinic.de\/en\/?s={search_term_string}\"},\"query-input\":\"required name=search_term_string\"}],\"inLanguage\":\"ru-RU\"}]}<\/script>\n<!-- \/ Yoast SEO plugin. -->","yoast_head_json":{"title":"Dauerhafte SHR Haarentfernung - AirportClinic Freising","robots":{"index":"index","follow":"follow","max-snippet":"max-snippet:-1","max-image-preview":"max-image-preview:large","max-video-preview":"max-video-preview:-1"},"canonical":"https:\/\/airport-clinic.de\/dauerhafte-ipl-shr-haarentfernung\/","og_locale":"ru_RU","og_type":"article","og_title":"Dauerhafte SHR Haarentfernung - AirportClinic Freising","og_url":"https:\/\/airport-clinic.de\/dauerhafte-ipl-shr-haarentfernung\/","og_site_name":"AirportClinic Freising","article_modified_time":"2020-05-26T18:07:27+00:00","twitter_card":"summary_large_image","twitter_misc":{"\u041f\u0440\u0438\u043c\u0435\u0440\u043d\u043e\u0435 \u0432\u0440\u0435\u043c\u044f \u0434\u043b\u044f \u0447\u0442\u0435\u043d\u0438\u044f":"3 \u043c\u0438\u043d\u0443\u0442\u044b"},"schema":{"@context":"https:\/\/schema.org","@graph":[{"@type":"WebPage","@id":"https:\/\/airport-clinic.de\/dauerhafte-ipl-shr-haarentfernung\/","url":"https:\/\/airport-clinic.de\/dauerhafte-ipl-shr-haarentfernung\/","name":"Dauerhafte SHR Haarentfernung - AirportClinic Freising","isPartOf":{"@id":"https:\/\/airport-clinic.de\/en\/#website"},"datePublished":"2020-05-26T10:03:54+00:00","dateModified":"2020-05-26T18:07:27+00:00","breadcrumb":{"@id":"https:\/\/airport-clinic.de\/dauerhafte-ipl-shr-haarentfernung\/#breadcrumb"},"inLanguage":"ru-RU","potentialAction":[{"@type":"ReadAction","target":["https:\/\/airport-clinic.de\/dauerhafte-ipl-shr-haarentfernung\/"]}]},{"@type":"BreadcrumbList","@id":"https:\/\/airport-clinic.de\/dauerhafte-ipl-shr-haarentfernung\/#breadcrumb","itemListElement":[{"@type":"ListItem","position":1,"name":"Home","item":"https:\/\/airport-clinic.de\/"},{"@type":"ListItem","position":2,"name":"Dauerhafte SHR Haarentfernung"}]},{"@type":"WebSite","@id":"https:\/\/airport-clinic.de\/en\/#website","url":"https:\/\/airport-clinic.de\/en\/","name":"AirportClinic Freising","description":"Zentrum f\u00fcr Zahn-, Mund-, Kieferheilkunde und \u00e4sthetische Chirurgie MVZ GmbH","potentialAction":[{"@type":"SearchAction","target":{"@type":"EntryPoint","urlTemplate":"https:\/\/airport-clinic.de\/en\/?s={search_term_string}"},"query-input":"required name=search_term_string"}],"inLanguage":"ru-RU"}]}},"_links":{"self":[{"href":"https:\/\/airport-clinic.de\/ru\/wp-json\/wp\/v2\/pages\/5065"}],"collection":[{"href":"https:\/\/airport-clinic.de\/ru\/wp-json\/wp\/v2\/pages"}],"about":[{"href":"https:\/\/airport-clinic.de\/ru\/wp-json\/wp\/v2\/types\/page"}],"author":[{"embeddable":true,"href":"https:\/\/airport-clinic.de\/ru\/wp-json\/wp\/v2\/users\/1"}],"replies":[{"embeddable":true,"href":"https:\/\/airport-clinic.de\/ru\/wp-json\/wp\/v2\/comments?post=5065"}],"version-history":[{"count":3,"href":"https:\/\/airport-clinic.de\/ru\/wp-json\/wp\/v2\/pages\/5065\/revisions"}],"predecessor-version":[{"id":5069,"href":"https:\/\/airport-clinic.de\/ru\/wp-json\/wp\/v2\/pages\/5065\/revisions\/5069"}],"wp:attachment":[{"href":"https:\/\/airport-clinic.de\/ru\/wp-json\/wp\/v2\/media?parent=5065"}],"curies":[{"name":"wp","href":"https:\/\/api.w.org\/{rel}","templated":true}]}}